{"id":10779,"date":"2017-07-04T15:07:17","date_gmt":"2017-07-04T14:07:17","guid":{"rendered":"https:\/\/www.salvioniarredamenti.it\/showroom-milano-durini\/"},"modified":"2025-04-24T09:48:54","modified_gmt":"2025-04-24T08:48:54","slug":"salvioni-milano","status":"publish","type":"page","link":"https:\/\/www.salvioniarredamenti.it\/it\/salvioni-milano\/","title":{"rendered":"Salvioni Milano Durini"},"content":{"rendered":"<p style=\"text-align: left;\"><strong>Salvioni Milano Durini<\/strong> \u00e8 un concept store situato in un tradizionale palazzo milanese di inizio \u2018900 in pieno centro la cui facciata \u00e8 stata disegnata dall&#8217;architetto<strong> Luca Beltrami<\/strong>. Sviluppato su <strong>sei diversi livelli<\/strong> e con i suoi <strong>1250mq<\/strong>, \u00e8 un vero e proprio showroom di atmosfere, dove \u00e8 possibile immergersi totalmente in un\u2019esperienza del lifestyle italiano nella sua massima espressione. Un luogo dal quale trarre ispirazione e stimoli, dove trattenersi, assorbire suggestioni di stile e ipotizzare nuovi scenari abitativi per la propria casa.<br \/>\nLo spazio, sviluppato verticalmente e\u00a0movimentato da una serie di terrazzi esterni,\u00a0si articola in<strong>\u00a0cinque diversi appartamenti\u00a0indipendenti<\/strong>, oltre al piano terra, ognuno dei quali\u00a0\u00e8 espressione di una\u00a0<strong>diversa area di gusto<\/strong>\u00a0ed \u00e8 stato\u00a0progettato in ogni minimo dettaglio, dalla scelta\u00a0delle finiture e dei cromatismi, alla composizione\u00a0di arredi, opere d\u2019arte e accessori, per rispecchiare\u00a0personalit\u00e0 e sensibilit\u00e0 differenti.<\/p>\n","protected":false},"excerpt":{"rendered":"<p>Salvioni Milano Durini \u00e8 un concept store situato in un tradizionale palazzo milanese di inizio \u2018900 in pieno centro la cui facciata \u00e8 stata disegnata dall&#8217;architetto Luca Beltrami. Sviluppato su sei diversi livelli e con i suoi 1250mq, \u00e8 un vero e proprio showroom di atmosfere, dove \u00e8 possibile immergersi totalmente in un\u2019esperienza del lifestyle [&hellip;]<\/p>\n","protected":false},"author":5,"featured_media":0,"parent":0,"menu_order":94,"comment_status":"closed","ping_status":"closed","template":"page-showroom.php","meta":{"_acf_changed":false,"footnotes":""},"class_list":["post-10779","page","type-page","status-publish","hentry"],"acf":[],"yoast_head":"<!-- This site is optimized with the Yoast SEO plugin v23.3 - https:\/\/yoast.com\/wordpress\/plugins\/seo\/ -->\n<title>Salvioni Milano Durini | Showroom Salvioni Design Solutions<\/title>\n<meta name=\"description\" content=\"Salvioni Milano Durini \u00e8 un concept store situato in pieno centro milanese. Ogni piano \u00e8 stato arredato a tema per rispecchiare gusti e atmosfere diversi.\" \/>\n<meta name=\"robots\" content=\"index, follow, max-snippet:-1, max-image-preview:large, max-video-preview:-1\" \/>\n<link rel=\"canonical\" href=\"https:\/\/www.salvioniarredamenti.it\/it\/salvioni-milano\/\" \/>\n<meta property=\"og:locale\" content=\"it_IT\" \/>\n<meta property=\"og:type\" content=\"article\" \/>\n<meta property=\"og:title\" content=\"Salvioni Milano Durini | Showroom Salvioni Design Solutions\" \/>\n<meta property=\"og:description\" content=\"Salvioni Milano Durini \u00e8 un concept store situato in pieno centro milanese. Ogni piano \u00e8 stato arredato a tema per rispecchiare gusti e atmosfere diversi.\" \/>\n<meta property=\"og:url\" content=\"https:\/\/www.salvioniarredamenti.it\/it\/salvioni-milano\/\" \/>\n<meta property=\"og:site_name\" content=\"Salvioni\" \/>\n<meta property=\"article:modified_time\" content=\"2025-04-24T08:48:54+00:00\" \/>\n<meta name=\"twitter:card\" content=\"summary_large_image\" \/>\n<meta name=\"twitter:label1\" content=\"Tempo di lettura stimato\" \/>\n\t<meta name=\"twitter:data1\" content=\"1 minuto\" \/>\n<script type=\"application\/ld+json\" class=\"yoast-schema-graph\">{\"@context\":\"https:\/\/schema.org\",\"@graph\":[{\"@type\":\"WebPage\",\"@id\":\"https:\/\/www.salvioniarredamenti.it\/it\/salvioni-milano\/\",\"url\":\"https:\/\/www.salvioniarredamenti.it\/it\/salvioni-milano\/\",\"name\":\"Salvioni Milano Durini | Showroom Salvioni Design Solutions\",\"isPartOf\":{\"@id\":\"https:\/\/www.salvioniarredamenti.it\/en\/#website\"},\"datePublished\":\"2017-07-04T14:07:17+00:00\",\"dateModified\":\"2025-04-24T08:48:54+00:00\",\"description\":\"Salvioni Milano Durini \u00e8 un concept store situato in pieno centro milanese. Ogni piano \u00e8 stato arredato a tema per rispecchiare gusti e atmosfere diversi.\",\"breadcrumb\":{\"@id\":\"https:\/\/www.salvioniarredamenti.it\/it\/salvioni-milano\/#breadcrumb\"},\"inLanguage\":\"it-IT\",\"potentialAction\":[{\"@type\":\"ReadAction\",\"target\":[\"https:\/\/www.salvioniarredamenti.it\/it\/salvioni-milano\/\"]}]},{\"@type\":\"BreadcrumbList\",\"@id\":\"https:\/\/www.salvioniarredamenti.it\/it\/salvioni-milano\/#breadcrumb\",\"itemListElement\":[{\"@type\":\"ListItem\",\"position\":1,\"name\":\"Home\",\"item\":\"https:\/\/www.salvioniarredamenti.it\/it\/\"},{\"@type\":\"ListItem\",\"position\":2,\"name\":\"Salvioni Milano Durini\"}]},{\"@type\":\"WebSite\",\"@id\":\"https:\/\/www.salvioniarredamenti.it\/en\/#website\",\"url\":\"https:\/\/www.salvioniarredamenti.it\/en\/\",\"name\":\"Salvioni\",\"description\":\"Salvioni Arredamenti\",\"potentialAction\":[{\"@type\":\"SearchAction\",\"target\":{\"@type\":\"EntryPoint\",\"urlTemplate\":\"https:\/\/www.salvioniarredamenti.it\/en\/?s={search_term_string}\"},\"query-input\":\"required name=search_term_string\"}],\"inLanguage\":\"it-IT\"}]}<\/script>\n<!-- \/ Yoast SEO plugin. -->","yoast_head_json":{"title":"Salvioni Milano Durini | Showroom Salvioni Design Solutions","description":"Salvioni Milano Durini \u00e8 un concept store situato in pieno centro milanese. Ogni piano \u00e8 stato arredato a tema per rispecchiare gusti e atmosfere diversi.","robots":{"index":"index","follow":"follow","max-snippet":"max-snippet:-1","max-image-preview":"max-image-preview:large","max-video-preview":"max-video-preview:-1"},"canonical":"https:\/\/www.salvioniarredamenti.it\/it\/salvioni-milano\/","og_locale":"it_IT","og_type":"article","og_title":"Salvioni Milano Durini | Showroom Salvioni Design Solutions","og_description":"Salvioni Milano Durini \u00e8 un concept store situato in pieno centro milanese. Ogni piano \u00e8 stato arredato a tema per rispecchiare gusti e atmosfere diversi.","og_url":"https:\/\/www.salvioniarredamenti.it\/it\/salvioni-milano\/","og_site_name":"Salvioni","article_modified_time":"2025-04-24T08:48:54+00:00","twitter_card":"summary_large_image","twitter_misc":{"Tempo di lettura stimato":"1 minuto"},"schema":{"@context":"https:\/\/schema.org","@graph":[{"@type":"WebPage","@id":"https:\/\/www.salvioniarredamenti.it\/it\/salvioni-milano\/","url":"https:\/\/www.salvioniarredamenti.it\/it\/salvioni-milano\/","name":"Salvioni Milano Durini | Showroom Salvioni Design Solutions","isPartOf":{"@id":"https:\/\/www.salvioniarredamenti.it\/en\/#website"},"datePublished":"2017-07-04T14:07:17+00:00","dateModified":"2025-04-24T08:48:54+00:00","description":"Salvioni Milano Durini \u00e8 un concept store situato in pieno centro milanese. Ogni piano \u00e8 stato arredato a tema per rispecchiare gusti e atmosfere diversi.","breadcrumb":{"@id":"https:\/\/www.salvioniarredamenti.it\/it\/salvioni-milano\/#breadcrumb"},"inLanguage":"it-IT","potentialAction":[{"@type":"ReadAction","target":["https:\/\/www.salvioniarredamenti.it\/it\/salvioni-milano\/"]}]},{"@type":"BreadcrumbList","@id":"https:\/\/www.salvioniarredamenti.it\/it\/salvioni-milano\/#breadcrumb","itemListElement":[{"@type":"ListItem","position":1,"name":"Home","item":"https:\/\/www.salvioniarredamenti.it\/it\/"},{"@type":"ListItem","position":2,"name":"Salvioni Milano Durini"}]},{"@type":"WebSite","@id":"https:\/\/www.salvioniarredamenti.it\/en\/#website","url":"https:\/\/www.salvioniarredamenti.it\/en\/","name":"Salvioni","description":"Salvioni Arredamenti","potentialAction":[{"@type":"SearchAction","target":{"@type":"EntryPoint","urlTemplate":"https:\/\/www.salvioniarredamenti.it\/en\/?s={search_term_string}"},"query-input":"required name=search_term_string"}],"inLanguage":"it-IT"}]}},"_links":{"self":[{"href":"https:\/\/www.salvioniarredamenti.it\/it\/wp-json\/wp\/v2\/pages\/10779"}],"collection":[{"href":"https:\/\/www.salvioniarredamenti.it\/it\/wp-json\/wp\/v2\/pages"}],"about":[{"href":"https:\/\/www.salvioniarredamenti.it\/it\/wp-json\/wp\/v2\/types\/page"}],"author":[{"embeddable":true,"href":"https:\/\/www.salvioniarredamenti.it\/it\/wp-json\/wp\/v2\/users\/5"}],"replies":[{"embeddable":true,"href":"https:\/\/www.salvioniarredamenti.it\/it\/wp-json\/wp\/v2\/comments?post=10779"}],"version-history":[{"count":49,"href":"https:\/\/www.salvioniarredamenti.it\/it\/wp-json\/wp\/v2\/pages\/10779\/revisions"}],"predecessor-version":[{"id":63366,"href":"https:\/\/www.salvioniarredamenti.it\/it\/wp-json\/wp\/v2\/pages\/10779\/revisions\/63366"}],"wp:attachment":[{"href":"https:\/\/www.salvioniarredamenti.it\/it\/wp-json\/wp\/v2\/media?parent=10779"}],"curies":[{"name":"wp","href":"https:\/\/api.w.org\/{rel}","templated":true}]}}