{"id":10781,"date":"2017-07-04T15:35:03","date_gmt":"2017-07-04T14:35:03","guid":{"rendered":"https:\/\/www.salvioniarredamenti.it\/showroom-inverigo\/"},"modified":"2025-01-07T17:34:52","modified_gmt":"2025-01-07T16:34:52","slug":"showroom-inverigo-salvioni","status":"publish","type":"page","link":"https:\/\/www.salvioniarredamenti.it\/it\/showroom-inverigo-salvioni\/","title":{"rendered":"Salvioni Inverigo"},"content":{"rendered":"<p style=\"text-align: left;\">Situato nel cuore della Brianza, con i suoi <strong>3000mq<\/strong> di superficie lo showroom di Inverigo \u00e8 la <strong>sede storica di Salvioni<\/strong>, da sempre in grado di offrire una panoramica completa del lifestyle<strong> Made in Italy<\/strong>.<br \/>\nGli ampi spazi espositivi consentono al negozio di proporsi come un vero e proprio <strong>\u201claboratorio di design\u201d<\/strong> in cui gli stili dei diversi brand si fondono, dando vita ad ambienti unici ed originali.<br \/>\nLo showroom ospita tutte le novit\u00e0 pi\u00f9 rilevanti e i <strong>pezzi iconici dei pi\u00f9 famosi marchi del design internazionale<\/strong>. Il progetto dell\u2019allestimento \u00e8 firmato dall\u2019architetto e designer<strong> Paolo Piva<\/strong>. Delimitato da ampie facciate in vetro e circondato sui tre lati da spazi verdi, presenta al suo interno ambienti di diverse tipologie, curati fin nei minimi dettagli.<\/p>\n<p style=\"text-align: left;\">\n","protected":false},"excerpt":{"rendered":"<p>Situato nel cuore della Brianza, con i suoi 3000mq di superficie lo showroom di Inverigo \u00e8 la sede storica di Salvioni, da sempre in grado di offrire una panoramica completa del lifestyle Made in Italy. Gli ampi spazi espositivi consentono al negozio di proporsi come un vero e proprio \u201claboratorio di design\u201d in cui gli [&hellip;]<\/p>\n","protected":false},"author":5,"featured_media":0,"parent":0,"menu_order":103,"comment_status":"closed","ping_status":"closed","template":"page-showroom.php","meta":{"_acf_changed":false,"footnotes":""},"class_list":["post-10781","page","type-page","status-publish","hentry"],"acf":[],"yoast_head":"<!-- This site is optimized with the Yoast SEO plugin v23.3 - https:\/\/yoast.com\/wordpress\/plugins\/seo\/ -->\n<title>Salvioni Inverigo | Showroom Salvioni Design Solutions<\/title>\n<meta name=\"description\" content=\"Lo showroom Salvioni di Inverigo \u00e8 la sede storica di Salvioni, da sempre in grado di offrire una panoramica completa del lifestyle Made in Italy.\" \/>\n<meta name=\"robots\" content=\"index, follow, max-snippet:-1, max-image-preview:large, max-video-preview:-1\" \/>\n<link rel=\"canonical\" href=\"https:\/\/www.salvioniarredamenti.it\/it\/showroom-inverigo-salvioni\/\" \/>\n<meta property=\"og:locale\" content=\"it_IT\" \/>\n<meta property=\"og:type\" content=\"article\" \/>\n<meta property=\"og:title\" content=\"Salvioni Inverigo | Showroom Salvioni Design Solutions\" \/>\n<meta property=\"og:description\" content=\"Lo showroom Salvioni di Inverigo \u00e8 la sede storica di Salvioni, da sempre in grado di offrire una panoramica completa del lifestyle Made in Italy.\" \/>\n<meta property=\"og:url\" content=\"https:\/\/www.salvioniarredamenti.it\/it\/showroom-inverigo-salvioni\/\" \/>\n<meta property=\"og:site_name\" content=\"Salvioni\" \/>\n<meta property=\"article:modified_time\" content=\"2025-01-07T16:34:52+00:00\" \/>\n<meta name=\"twitter:card\" content=\"summary_large_image\" \/>\n<meta name=\"twitter:label1\" content=\"Tempo di lettura stimato\" \/>\n\t<meta name=\"twitter:data1\" content=\"1 minuto\" \/>\n<script type=\"application\/ld+json\" class=\"yoast-schema-graph\">{\"@context\":\"https:\/\/schema.org\",\"@graph\":[{\"@type\":\"WebPage\",\"@id\":\"https:\/\/www.salvioniarredamenti.it\/it\/showroom-inverigo-salvioni\/\",\"url\":\"https:\/\/www.salvioniarredamenti.it\/it\/showroom-inverigo-salvioni\/\",\"name\":\"Salvioni Inverigo | Showroom Salvioni Design Solutions\",\"isPartOf\":{\"@id\":\"https:\/\/www.salvioniarredamenti.it\/en\/#website\"},\"datePublished\":\"2017-07-04T14:35:03+00:00\",\"dateModified\":\"2025-01-07T16:34:52+00:00\",\"description\":\"Lo showroom Salvioni di Inverigo \u00e8 la sede storica di Salvioni, da sempre in grado di offrire una panoramica completa del lifestyle Made in Italy.\",\"breadcrumb\":{\"@id\":\"https:\/\/www.salvioniarredamenti.it\/it\/showroom-inverigo-salvioni\/#breadcrumb\"},\"inLanguage\":\"it-IT\",\"potentialAction\":[{\"@type\":\"ReadAction\",\"target\":[\"https:\/\/www.salvioniarredamenti.it\/it\/showroom-inverigo-salvioni\/\"]}]},{\"@type\":\"BreadcrumbList\",\"@id\":\"https:\/\/www.salvioniarredamenti.it\/it\/showroom-inverigo-salvioni\/#breadcrumb\",\"itemListElement\":[{\"@type\":\"ListItem\",\"position\":1,\"name\":\"Home\",\"item\":\"https:\/\/www.salvioniarredamenti.it\/it\/\"},{\"@type\":\"ListItem\",\"position\":2,\"name\":\"Salvioni Inverigo\"}]},{\"@type\":\"WebSite\",\"@id\":\"https:\/\/www.salvioniarredamenti.it\/en\/#website\",\"url\":\"https:\/\/www.salvioniarredamenti.it\/en\/\",\"name\":\"Salvioni\",\"description\":\"Salvioni Arredamenti\",\"potentialAction\":[{\"@type\":\"SearchAction\",\"target\":{\"@type\":\"EntryPoint\",\"urlTemplate\":\"https:\/\/www.salvioniarredamenti.it\/en\/?s={search_term_string}\"},\"query-input\":\"required name=search_term_string\"}],\"inLanguage\":\"it-IT\"}]}<\/script>\n<!-- \/ Yoast SEO plugin. -->","yoast_head_json":{"title":"Salvioni Inverigo | Showroom Salvioni Design Solutions","description":"Lo showroom Salvioni di Inverigo \u00e8 la sede storica di Salvioni, da sempre in grado di offrire una panoramica completa del lifestyle Made in Italy.","robots":{"index":"index","follow":"follow","max-snippet":"max-snippet:-1","max-image-preview":"max-image-preview:large","max-video-preview":"max-video-preview:-1"},"canonical":"https:\/\/www.salvioniarredamenti.it\/it\/showroom-inverigo-salvioni\/","og_locale":"it_IT","og_type":"article","og_title":"Salvioni Inverigo | Showroom Salvioni Design Solutions","og_description":"Lo showroom Salvioni di Inverigo \u00e8 la sede storica di Salvioni, da sempre in grado di offrire una panoramica completa del lifestyle Made in Italy.","og_url":"https:\/\/www.salvioniarredamenti.it\/it\/showroom-inverigo-salvioni\/","og_site_name":"Salvioni","article_modified_time":"2025-01-07T16:34:52+00:00","twitter_card":"summary_large_image","twitter_misc":{"Tempo di lettura stimato":"1 minuto"},"schema":{"@context":"https:\/\/schema.org","@graph":[{"@type":"WebPage","@id":"https:\/\/www.salvioniarredamenti.it\/it\/showroom-inverigo-salvioni\/","url":"https:\/\/www.salvioniarredamenti.it\/it\/showroom-inverigo-salvioni\/","name":"Salvioni Inverigo | Showroom Salvioni Design Solutions","isPartOf":{"@id":"https:\/\/www.salvioniarredamenti.it\/en\/#website"},"datePublished":"2017-07-04T14:35:03+00:00","dateModified":"2025-01-07T16:34:52+00:00","description":"Lo showroom Salvioni di Inverigo \u00e8 la sede storica di Salvioni, da sempre in grado di offrire una panoramica completa del lifestyle Made in Italy.","breadcrumb":{"@id":"https:\/\/www.salvioniarredamenti.it\/it\/showroom-inverigo-salvioni\/#breadcrumb"},"inLanguage":"it-IT","potentialAction":[{"@type":"ReadAction","target":["https:\/\/www.salvioniarredamenti.it\/it\/showroom-inverigo-salvioni\/"]}]},{"@type":"BreadcrumbList","@id":"https:\/\/www.salvioniarredamenti.it\/it\/showroom-inverigo-salvioni\/#breadcrumb","itemListElement":[{"@type":"ListItem","position":1,"name":"Home","item":"https:\/\/www.salvioniarredamenti.it\/it\/"},{"@type":"ListItem","position":2,"name":"Salvioni Inverigo"}]},{"@type":"WebSite","@id":"https:\/\/www.salvioniarredamenti.it\/en\/#website","url":"https:\/\/www.salvioniarredamenti.it\/en\/","name":"Salvioni","description":"Salvioni Arredamenti","potentialAction":[{"@type":"SearchAction","target":{"@type":"EntryPoint","urlTemplate":"https:\/\/www.salvioniarredamenti.it\/en\/?s={search_term_string}"},"query-input":"required name=search_term_string"}],"inLanguage":"it-IT"}]}},"_links":{"self":[{"href":"https:\/\/www.salvioniarredamenti.it\/it\/wp-json\/wp\/v2\/pages\/10781"}],"collection":[{"href":"https:\/\/www.salvioniarredamenti.it\/it\/wp-json\/wp\/v2\/pages"}],"about":[{"href":"https:\/\/www.salvioniarredamenti.it\/it\/wp-json\/wp\/v2\/types\/page"}],"author":[{"embeddable":true,"href":"https:\/\/www.salvioniarredamenti.it\/it\/wp-json\/wp\/v2\/users\/5"}],"replies":[{"embeddable":true,"href":"https:\/\/www.salvioniarredamenti.it\/it\/wp-json\/wp\/v2\/comments?post=10781"}],"version-history":[{"count":48,"href":"https:\/\/www.salvioniarredamenti.it\/it\/wp-json\/wp\/v2\/pages\/10781\/revisions"}],"predecessor-version":[{"id":62528,"href":"https:\/\/www.salvioniarredamenti.it\/it\/wp-json\/wp\/v2\/pages\/10781\/revisions\/62528"}],"wp:attachment":[{"href":"https:\/\/www.salvioniarredamenti.it\/it\/wp-json\/wp\/v2\/media?parent=10781"}],"curies":[{"name":"wp","href":"https:\/\/api.w.org\/{rel}","templated":true}]}}