{"id":11,"date":"2017-06-05T10:03:36","date_gmt":"2017-06-05T09:03:36","guid":{"rendered":"https:\/\/www.salvioniarredamenti.it\/newsletter\/"},"modified":"2025-03-24T15:24:31","modified_gmt":"2025-03-24T14:24:31","slug":"cookie","status":"publish","type":"page","link":"https:\/\/www.salvioniarredamenti.it\/it\/cookie\/","title":{"rendered":"Cookie e privacy"},"content":{"rendered":"<p>Desideriamo informare che, ai sensi dell\u2019art. 13 del Regolamento UE 2016\/679 <em>(General Data Protection Regulation \u2013 d\u2019ora in avanti \u201cGDPR 2016\/679\u201d<\/em>), recanti disposizioni a tutela delle persone e di altri soggetti rispetto al trattamento dei dati personali, questa pagina descrive le modalit\u00e0 di trattamento dei dati personali forniti degli utenti che consultano il presente sito web accessibile per via telematica al seguente indirizzo: <em>www.salvioniarredamenti.it.<\/em><br \/>\nIl trattamento dei dati personali da parte della Societ\u00e0 avverr\u00e0 nel rispetto delle normative sopra richiamate, in particolare, secondo i principi di liceit\u00e0, correttezza, trasparenza e di tutela della riservatezza e dei diritti, con particolare riferimento all\u2019integrit\u00e0, alla riservatezza, all\u2019identit\u00e0 personale e al diritto di protezione dei dati personali.<\/p>\n<p><strong>1. Titolare del trattamento dei dati<\/strong><br \/>\nTitolare del trattamento: <strong>Salvioni S.p.A.<\/strong><br \/>\nSede legale: Via Durini, n. 3 \u2013 20122, Milano (MI).<br \/>\nIndirizzo di posta elettronica a cui contattare il titolare: <em>info@salvioniarredamenti.it<\/em><\/p>\n<p><strong>2. Tipologia dei dati trattati<\/strong><br \/>\nI dati forniti e trattati da Salvioni S.p.A. riguardano dati personali identificativi di tipo comune forniti direttamente dall\u2019interessato.<br \/>\n\u201cPer dato personale si intende qualsiasi informazione riguardante una persona fisica identificata o identificabile; si considera identificabile la persona fisica che pu\u00f2 essere, direttamente o indirettamente, identificata con particolare riferimento ad un identificativo come il nome, un numero di identificazione, dati relativi all&#8217;ubicazione, un identificativo online o a uno o pi\u00f9 elementi caratteristici della sua identit\u00e0 fisica, fisiologica, genetica, psichica, economica, culturale o sociale\u201d<br \/>\nTra i dati personali raccolti, sono inclusi nelle seguenti categorie:<br \/>\na) dati anagrafici (ad esempio nome, cognome);<br \/>\nb) dati di contatto (ad esempio indirizzo di posta elettronica);<br \/>\nc) cookie e dati di navigazione.<\/p>\n<p><strong>3. Identificazione e scopo dei Cookie<\/strong><br \/>\nEsistono differenti tipologie di cookie, in base alla durata del loro periodo di scadenza, propriet\u00e0 e ai loro scopi. Alcuni sono necessari per la navigazione sul Sito, altri sono opzionali e dipendono dalle scelte dell\u2019Utente.<br \/>\n\u2022 Tecnici &#8211; Strettamente necessari<br \/>\nQuesti Cookie sono necessari per il funzionamento del sito. Permettono all\u2019Utente di usufruire delle funzionalit\u00e0 principali del Sito. Senza questi Cookie l\u2019Utente non potrebbe consultare il Sito normalmente. Le informazioni richieste da questi Cookie sono utilizzate esclusivamente sul dispositivo dell\u2019Utente e non consentono alcun tracciamento comportamentale o identificativo. Questi cookie non raccolgono alcuna informazione personale.<br \/>\n\u2022 Funzionalit\u00e0<br \/>\nQuesti strumenti di tracciamento abilitano semplici interazioni e funzionalit\u00e0 che ti permettono di accedere a determinate risorse del nostro servizio e ti consentono di comunicare pi\u00f9 facilmente con noi.<br \/>\n\u2022 Esperienza<br \/>\nQuesti strumenti di tracciamento ci permettono di migliorare la qualit\u00e0 della tua esperienza utente e consentono le interazioni con piattaforme, reti e contenuti esterni.<br \/>\n\u2022 Misurazione<br \/>\nQuesti strumenti di tracciamento ci permettono di misurare il traffico e analizzare il tuo comportamento per migliorare il nostro servizio.<br \/>\n\u2022 Marketing<br \/>\nQuesti strumenti di tracciamento ci permettono di fornirti contenuti marketing o annunci personalizzati e di misurarne la performance.<\/p>\n<p><strong>4. Come gestire i cookie<\/strong><br \/>\nL\u2019Utente pu\u00f2 gestire l\u2019installazione dei Cookie in questo modo:<br \/>\n\u2022 l\u2019installazione dei Cookie tecnici strettamente necessari \u00e8 attivata per impostazione predefinita; l\u2019Utente non pu\u00f2 disattivarla poich\u00e9 si tratta di Cookie essenziali per il funzionamento del Sito.<br \/>\n\u2022 ove presenti, l\u2019Utente disattiva o attiva l\u2019installazione di Cookie subordinati al proprio consenso attraverso il banner informativo o visitando il link relativo alle impostazioni dei Cookie. Qualsiasi disattivazione implica il rifiuto dell\u2019installazione del rispettivo Cookie.<br \/>\n\u2022 se l\u2019utente attiva la conservazione dei Cookie sul proprio dispositivo, i Cookie integrati nelle pagine e nei contenuti consultati possono essere memorizzati temporaneamente in uno spazio dedicato sul dispositivo dell\u2019Utente. Potr\u00e0 accedervi solo chi li ha emessi.<\/p>\n<p>Se l\u2019Utente disabilita la conservazione dei Cookie nel proprio dispositivo o browser, o se cancella i Cookie gi\u00e0 memorizzati, viene informato del fatto che la fruizione del Sito potrebbe essere diversa da quella di altri Utenti che hanno attivato i Cookie (contenuti non personalizzati). Ci\u00f2 potrebbe verificarsi anche nel caso in cui noi o uno dei nostri fornitori di servizi non riuscissero a riconoscere, per motivi di compatibilit\u00e0 tecnica, il tipo di browser utilizzato dal dispositivo, la lingua e le impostazioni di visualizzazione o il Paese dal quale il dispositivo risulta connesso a Internet. Se del caso, decliniamo ogni responsabilit\u00e0 per le conseguenze legate al compromesso funzionamento del Sito, dovuto al rifiuto dei Cookie da parte dell\u2019Utente.<\/p>\n<p><strong>5. Modalit\u00e0 di trattamento<\/strong><br \/>\nIl trattamento sar\u00e0 svolto in forma automatizzata e\/o manuale, nel rispetto di quanto previsto dall\u2019art. 32 del GDPR 2016\/679 in materia di misure di sicurezza, ad opera di soggetti appositamente incaricati e in ottemperanza a quanto previsto dagli art. 29 GDPR 2016\/679. Saranno impiegate le misure di sicurezza atte a garantire la riservatezza del soggetto interessato cui tali dati si riferiscono e ad evitare l\u2019indebito accesso da parte di soggetti terzi e\/o a personale non autorizzato. Il Titolare adotta le opportune misure di sicurezza volte ad impedire l\u2019accesso, la divulgazione, la modifica o la distruzione non autorizzata dei dati personali.<\/p>\n<p><strong>6. Finalit\u00e0 del trattamento dei dati<\/strong><br \/>\nI Dati dell\u2019Utente sono raccolti per consentire al Titolare di fornire i propri Servizi, nello specifico per contattare l\u2019Utente in seguito a una sua richiesta di informazioni. Nel dettaglio:<br \/>\n<em>RICHIESTA DI INFORMAZIONI:<\/em> l\u2019Utente, compilando con i propri Dati il modulo \u201cInvia una richiesta\u201d, fornisce tali Dati al Titolare ed acconsente al loro utilizzo per ricevere risposte alle richieste di informazioni. Tipologie di dati personali: nome, cognome, nazionalit\u00e0, indirizzo e-mail e numero di telefono<br \/>\n<em>ISCRIZIONE NEWSLETTER:<\/em> l\u2019Utente, compilando con i propri Dati il modulo \u201ciscriviti alla newsletter\u201d, fornisce tali Dati al Titolare ed acconsente al loro utilizzo per ricevere comunicazioni periodiche con finalit\u00e0 di marketing. Tipologie di dati personali: nome, cognome, lingua, nazionalit\u00e0, indirizzo e-mail<br \/>\n<em>CANDIDATURA:<\/em> l\u2019Utente, compilando con i propri Dati il modulo \u201cLavora con noi\u201d e allegando eventuali file, fornisce tali Dati al Titolare ed acconsente al loro utilizzo per candidarsi presentando le proprie competenze. Tipologie di dati personali: nome, cognome, indirizzo e-mail, conoscenza lingua, CV.<br \/>\n<em>COOKIE e DATI DI NAVIGAZIONE:<\/em> i cookie e i dati di navigazione sono stringhe di testo di piccola dimensione che un sito web pu\u00f2 inviare, durante la navigazione, al dispositivo dell\u2019Utente (PC, Notebook, smartphone, tablet\u2026). Lo stesso sito web che li ha trasmessi pu\u00f2 leggere e registrare i cookie che si trovano sullo stesso dispositivo per ottenere informazioni di vario tipo. Si tratta di informazioni che non sono raccolte per essere associate a interessati identificati, ma che per loro stessa natura potrebbero, attraverso elaborazioni ed associazioni con dati detenuti da terzi, permettere di identificare gli utenti. Tipologie di dati personali: <em>indirizzi IP.<\/em><\/p>\n<p><strong>7. Base giuridica del trattamento<\/strong><br \/>\nI dati personali raccolti attraverso l&#8217;uso di Cookie Tecnici sul nostro sito sono trattati sulla base del legittimo interesse, conforme all&#8217;articolo 6 comma 1 lett. f) del Regolamento Generale sulla Protezione dei Dati (GDPR). Questi cookie sono indispensabili per il corretto funzionamento del sito, consentendo agli utenti di navigare e accedere in sicurezza alle varie funzioni e servizi offerti. La loro implementazione \u00e8 essenziale per garantire e mantenere la funzionalit\u00e0 e la sicurezza del sito, rendendo cos\u00ec possibile la fornitura del servizio richiesto dall&#8217;utente in modo efficace e protetto.<br \/>\nUlteriori dati personali indicati in queste pagine sono trattati in base al consenso dell\u2019Utente. Nello specifico, l\u2019Utente presta consenso con:<br \/>\na) invio facoltativo, esplicito e volontario di messaggi tramite compilazione del modulo \u201cInvia una richiesta\u201d;<br \/>\nb) richiesta facoltativa, esplicita e volontaria di iscrizione alla newsletter tramite compilazione del modulo \u201ciscriviti alla newsletter\u201d;<br \/>\nc) invio facoltativo, esplicito e volontario della propria candidatura tramite compilazione del modulo \u201cLavora con noi\u201d;<br \/>\nd) la selezione esplicita attraverso il banner di gestione cookie presenti sul sito.<\/p>\n<p><strong>8. Luogo del trattamento e Trasferimento dei dati a Paesi extra-UE<\/strong><br \/>\nI Dati sono trattati presso la sede operativa del Titolare. Per ulteriori informazioni, l\u2019Utente pu\u00f2 contattare il Titolare all\u2019indirizzo sopra riportato.<br \/>\nIl Titolare del Trattamento non trasferisce i dati personali in paesi extra-UE; tuttavia, si riserva la possibilit\u00e0 di trasferire tali Dati Personali dell\u2019Utente in un Paese diverso da quello in cui l\u2019Utente si trova, adottando in ogni caso le misure di sicurezza necessarie per garantire la riservatezza e l\u2019integrit\u00e0 dei Dati Personali, cos\u00ec come previsto dall\u2019art. 46 GDPR 2016\/679.<\/p>\n<p><strong>9. Conservazione<\/strong><br \/>\nSegnaliamo che, nel rispetto dei principi di liceit\u00e0, limitazione delle finalit\u00e0 e minimizzazione dei dati (ai sensi dell\u2019art. 5 del <em>GDPR 2016\/679<\/em>), il periodo di conservazione dei dati personali \u00e8 stabilito in un arco di tempo non superiore al conseguimento delle finalit\u00e0 per le quali essi sono raccolti e trattati, rispettando comunque i tempi prescritti dalla Legge.<br \/>\nQuando il trattamento \u00e8 basato sul consenso dell\u2019Utente, il Titolare pu\u00f2 conservare i Dati Personali pi\u00f9 a lungo sino a quando detto consenso non venga revocato. Inoltre, il Titolare potrebbe essere obbligato a conservare i Dati Personali per un periodo pi\u00f9 lungo in ottemperanza ad un obbligo di Legge o per ordine di un\u2019autorit\u00e0.<\/p>\n<p>Al termine del periodo di conservazioni i Dati Personali saranno cancellati. Pertanto, allo spirare di tale termine il diritto di accesso, cancellazione, rettifica ed il diritto alla portabilit\u00e0 dei Dati non potranno pi\u00f9 essere esercitati.<\/p>\n<p><strong>10. Ambito di comunicazione e diffusione<\/strong><br \/>\nI Suoi dati, oggetto del trattamento, non saranno diffusi. I dati personali, in relazione alle finalit\u00e0 di cui sopra, potranno essere comunicati a terzi contrattualmente legati a Salvioni S.p.A., in particolare appartenenti alle seguenti categorie:<br \/>\na) soggetti pubblici a cui i dati devono essere comunicati per Legge;<br \/>\nb) soggetti \u2013 pubblici o privati \u2013 qualora la comunicazione risulti necessaria o funzionale allo svolgimento della nostra attivit\u00e0;<br \/>\nc) soggetti nostri consulenti nei limiti necessari per svolgere il loro incarico professionale per conto della scrivente azienda.<br \/>\nI soggetti che collaborano con Salvioni S.p.A. e hanno accesso ai dati personali forniti dai clienti e collaboratori sono incaricati dal Titolare del trattamento con nomina specifica come Responsabili del trattamento, riportante il comportamento e le misure di sicurezza che sono obbligati a mantenere per continuare il rapporto di collaborazione. Qualora mancassero queste condizioni o non fossero ritenute sufficienti dal Titolare, esso mantiene la possibilit\u00e0 di interrompere il rapporto di collaborazione in atto.<\/p>\n<p><strong>11. Diritti dell\u2019interessato<\/strong><br \/>\nIn ogni momento, l\u2019interessato potr\u00e0 esercitare, rivolgendosi al titolare contattando la nostra sede inviando una mail all\u2019indirizzo riportato sopra, ai sensi degli artt. 15-22 del GDPR 2016\/679, il diritto di:<br \/>\n\u2022 chiedere la conferma dell\u2019esistenza o meno di dati personali a Lei riferiti;<br \/>\n\u2022 ottenere le indicazioni circa:<br \/>\n\u2212 l\u2019origine dei dati<br \/>\n\u2212 le finalit\u00e0 del trattamento<br \/>\n\u2212 le categorie dei dati personali<br \/>\n\u2212 i destinatari o le categorie di destinatari a cui i dati personali sono stati o saranno comunicati<br \/>\n\u2212 il periodo di conservazione;<br \/>\n\u2022 ottenere:<br \/>\n\u2212 la rettifica dei dati<br \/>\n\u2212 la cancellazione dei dati;<br \/>\n\u2212 la limitazione del trattamento;<br \/>\n\u2212 la portabilit\u00e0 dei dati, ossia riceverli dal Titolare del trattamento, in un formato strutturato, di uso comune e leggibile da dispositivo automatico, e trasmetterli ad un altro Titolare del trattamento senza impedimenti;<br \/>\n\u2022 opporsi:<br \/>\n\u2212 al trattamento in qualsiasi momento ed anche nel caso di trattamenti per finalit\u00e0 di marketing diretto;<br \/>\n\u2212 ad un processo decisionale automatizzato relativo alle persone fisiche, compresa la profilazione;<br \/>\n\u2022 proporre reclamo all\u2019Autorit\u00e0 di controllo (Garante Privacy).<br \/>\n12. Informazioni non contenute in questa policy<br \/>\nUlteriori informazioni in relazione al trattamento dei Dati Personali potranno essere richieste in qualsiasi momento al Titolare del Trattamento utilizzando gli estremi di contatto riportati in precedenza.<\/p>\n<p><strong>13. Modifiche all\u2019informativa sulla privacy<\/strong><br \/>\nIl titolare si riserva il diritto di modificare, aggiornare, aggiungere o rimuovere parti della presente informativa sulla privacy a propria discrezione e in qualsiasi momento. La persona interessata \u00e8 tenuta a verificare periodicamente le eventuali modifiche. Al fine di facilitare tale verifica l\u2019informativa conterr\u00e0 l\u2019indicazione della data di aggiornamento dell\u2019informativa. L\u2019utilizzo del sito, dopo la pubblicazione delle modifiche, costituir\u00e0 accettazione delle stesse.<\/p>\n","protected":false},"excerpt":{"rendered":"<p>Desideriamo informare che, ai sensi dell\u2019art. 13 del Regolamento UE 2016\/679 (General Data Protection Regulation \u2013 d\u2019ora in avanti \u201cGDPR 2016\/679\u201d), recanti disposizioni a tutela delle persone e di altri soggetti rispetto al trattamento dei dati personali, questa pagina descrive le modalit\u00e0 di trattamento dei dati personali forniti degli utenti che consultano il presente sito [&hellip;]<\/p>\n","protected":false},"author":5,"featured_media":0,"parent":0,"menu_order":87,"comment_status":"closed","ping_status":"closed","template":"","meta":{"_acf_changed":false,"footnotes":""},"class_list":["post-11","page","type-page","status-publish","hentry"],"acf":[],"yoast_head":"<!-- This site is optimized with the Yoast SEO plugin v23.3 - https:\/\/yoast.com\/wordpress\/plugins\/seo\/ -->\n<title>Cookie e privacy - Salvioni<\/title>\n<meta name=\"robots\" content=\"index, follow, max-snippet:-1, max-image-preview:large, max-video-preview:-1\" \/>\n<link rel=\"canonical\" href=\"https:\/\/www.salvioniarredamenti.it\/it\/cookie\/\" \/>\n<meta property=\"og:locale\" content=\"it_IT\" \/>\n<meta property=\"og:type\" content=\"article\" \/>\n<meta property=\"og:title\" content=\"Cookie e privacy - Salvioni\" \/>\n<meta property=\"og:description\" content=\"Desideriamo informare che, ai sensi dell\u2019art. 13 del Regolamento UE 2016\/679 (General Data Protection Regulation \u2013 d\u2019ora in avanti \u201cGDPR 2016\/679\u201d), recanti disposizioni a tutela delle persone e di altri soggetti rispetto al trattamento dei dati personali, questa pagina descrive le modalit\u00e0 di trattamento dei dati personali forniti degli utenti che consultano il presente sito [&hellip;]\" \/>\n<meta property=\"og:url\" content=\"https:\/\/www.salvioniarredamenti.it\/it\/cookie\/\" \/>\n<meta property=\"og:site_name\" content=\"Salvioni\" \/>\n<meta property=\"article:modified_time\" content=\"2025-03-24T14:24:31+00:00\" \/>\n<meta name=\"twitter:card\" content=\"summary_large_image\" \/>\n<meta name=\"twitter:label1\" content=\"Tempo di lettura stimato\" \/>\n\t<meta name=\"twitter:data1\" content=\"9 minuti\" \/>\n<script type=\"application\/ld+json\" class=\"yoast-schema-graph\">{\"@context\":\"https:\/\/schema.org\",\"@graph\":[{\"@type\":\"WebPage\",\"@id\":\"https:\/\/www.salvioniarredamenti.it\/it\/cookie\/\",\"url\":\"https:\/\/www.salvioniarredamenti.it\/it\/cookie\/\",\"name\":\"Cookie e privacy - Salvioni\",\"isPartOf\":{\"@id\":\"https:\/\/www.salvioniarredamenti.it\/en\/#website\"},\"datePublished\":\"2017-06-05T09:03:36+00:00\",\"dateModified\":\"2025-03-24T14:24:31+00:00\",\"breadcrumb\":{\"@id\":\"https:\/\/www.salvioniarredamenti.it\/it\/cookie\/#breadcrumb\"},\"inLanguage\":\"it-IT\",\"potentialAction\":[{\"@type\":\"ReadAction\",\"target\":[\"https:\/\/www.salvioniarredamenti.it\/it\/cookie\/\"]}]},{\"@type\":\"BreadcrumbList\",\"@id\":\"https:\/\/www.salvioniarredamenti.it\/it\/cookie\/#breadcrumb\",\"itemListElement\":[{\"@type\":\"ListItem\",\"position\":1,\"name\":\"Home\",\"item\":\"https:\/\/www.salvioniarredamenti.it\/it\/\"},{\"@type\":\"ListItem\",\"position\":2,\"name\":\"Cookie e privacy\"}]},{\"@type\":\"WebSite\",\"@id\":\"https:\/\/www.salvioniarredamenti.it\/en\/#website\",\"url\":\"https:\/\/www.salvioniarredamenti.it\/en\/\",\"name\":\"Salvioni\",\"description\":\"Salvioni Arredamenti\",\"potentialAction\":[{\"@type\":\"SearchAction\",\"target\":{\"@type\":\"EntryPoint\",\"urlTemplate\":\"https:\/\/www.salvioniarredamenti.it\/en\/?s={search_term_string}\"},\"query-input\":\"required name=search_term_string\"}],\"inLanguage\":\"it-IT\"}]}<\/script>\n<!-- \/ Yoast SEO plugin. -->","yoast_head_json":{"title":"Cookie e privacy - Salvioni","robots":{"index":"index","follow":"follow","max-snippet":"max-snippet:-1","max-image-preview":"max-image-preview:large","max-video-preview":"max-video-preview:-1"},"canonical":"https:\/\/www.salvioniarredamenti.it\/it\/cookie\/","og_locale":"it_IT","og_type":"article","og_title":"Cookie e privacy - Salvioni","og_description":"Desideriamo informare che, ai sensi dell\u2019art. 13 del Regolamento UE 2016\/679 (General Data Protection Regulation \u2013 d\u2019ora in avanti \u201cGDPR 2016\/679\u201d), recanti disposizioni a tutela delle persone e di altri soggetti rispetto al trattamento dei dati personali, questa pagina descrive le modalit\u00e0 di trattamento dei dati personali forniti degli utenti che consultano il presente sito [&hellip;]","og_url":"https:\/\/www.salvioniarredamenti.it\/it\/cookie\/","og_site_name":"Salvioni","article_modified_time":"2025-03-24T14:24:31+00:00","twitter_card":"summary_large_image","twitter_misc":{"Tempo di lettura stimato":"9 minuti"},"schema":{"@context":"https:\/\/schema.org","@graph":[{"@type":"WebPage","@id":"https:\/\/www.salvioniarredamenti.it\/it\/cookie\/","url":"https:\/\/www.salvioniarredamenti.it\/it\/cookie\/","name":"Cookie e privacy - Salvioni","isPartOf":{"@id":"https:\/\/www.salvioniarredamenti.it\/en\/#website"},"datePublished":"2017-06-05T09:03:36+00:00","dateModified":"2025-03-24T14:24:31+00:00","breadcrumb":{"@id":"https:\/\/www.salvioniarredamenti.it\/it\/cookie\/#breadcrumb"},"inLanguage":"it-IT","potentialAction":[{"@type":"ReadAction","target":["https:\/\/www.salvioniarredamenti.it\/it\/cookie\/"]}]},{"@type":"BreadcrumbList","@id":"https:\/\/www.salvioniarredamenti.it\/it\/cookie\/#breadcrumb","itemListElement":[{"@type":"ListItem","position":1,"name":"Home","item":"https:\/\/www.salvioniarredamenti.it\/it\/"},{"@type":"ListItem","position":2,"name":"Cookie e privacy"}]},{"@type":"WebSite","@id":"https:\/\/www.salvioniarredamenti.it\/en\/#website","url":"https:\/\/www.salvioniarredamenti.it\/en\/","name":"Salvioni","description":"Salvioni Arredamenti","potentialAction":[{"@type":"SearchAction","target":{"@type":"EntryPoint","urlTemplate":"https:\/\/www.salvioniarredamenti.it\/en\/?s={search_term_string}"},"query-input":"required name=search_term_string"}],"inLanguage":"it-IT"}]}},"_links":{"self":[{"href":"https:\/\/www.salvioniarredamenti.it\/it\/wp-json\/wp\/v2\/pages\/11"}],"collection":[{"href":"https:\/\/www.salvioniarredamenti.it\/it\/wp-json\/wp\/v2\/pages"}],"about":[{"href":"https:\/\/www.salvioniarredamenti.it\/it\/wp-json\/wp\/v2\/types\/page"}],"author":[{"embeddable":true,"href":"https:\/\/www.salvioniarredamenti.it\/it\/wp-json\/wp\/v2\/users\/5"}],"replies":[{"embeddable":true,"href":"https:\/\/www.salvioniarredamenti.it\/it\/wp-json\/wp\/v2\/comments?post=11"}],"version-history":[{"count":10,"href":"https:\/\/www.salvioniarredamenti.it\/it\/wp-json\/wp\/v2\/pages\/11\/revisions"}],"predecessor-version":[{"id":63034,"href":"https:\/\/www.salvioniarredamenti.it\/it\/wp-json\/wp\/v2\/pages\/11\/revisions\/63034"}],"wp:attachment":[{"href":"https:\/\/www.salvioniarredamenti.it\/it\/wp-json\/wp\/v2\/media?parent=11"}],"curies":[{"name":"wp","href":"https:\/\/api.w.org\/{rel}","templated":true}]}}