{"id":17934,"date":"2018-07-16T13:37:52","date_gmt":"2018-07-16T12:37:52","guid":{"rendered":"https:\/\/www.salvioniarredamenti.it\/?page_id=17934\/"},"modified":"2026-04-29T14:20:45","modified_gmt":"2026-04-29T13:20:45","slug":"carriere","status":"publish","type":"page","link":"https:\/\/www.salvioniarredamenti.it\/it\/carriere\/","title":{"rendered":"Lavora con noi"},"content":{"rendered":"<p>Salvioni Design Solutions \u00e8 un rivenditore multibrand attivo da oltre 50 anni nel settore dell\u2019arredamento di design. La forza del suo operato consiste nell\u2019assicurare ai propri clienti un\u2019offerta completa e rigorosamente selezionata dei migliori marchi di settore, nonch\u00e9 la pi\u00f9 vasta gamma di servizi. Puntualit\u00e0 e affidabilit\u00e0 sono garanzie del suo operato cui si affida, oggi come ieri, nella gestione di progetti d\u2019arredo in tutto il mondo.<\/p>\n<p>Siamo una realt\u00e0 in costante crescita in cui ci sar\u00e0 posto per interior designer di talento e di esperienza, a cui garantiamo la possibilit\u00e0 di lavorare con tutti i migliori brand del panorama del design internazionale e di operare con una clientela selezionata e di alto livello.<\/p>\n<p>Per inviare la propria candidatura, si prega di compilare il form sottostante inserendo nel campo note una breve presentazione di s\u00e9 e della posizione per cui si concorre. Alla voce \u201cAltri file\u201d \u00e8 possibile aggiungere allegati che completino l\u2019offerta.<\/p>\n\n<div class=\"wpcf7 no-js\" id=\"wpcf7-f17928-o1\" lang=\"en-US\" dir=\"ltr\">\n<div class=\"screen-reader-response\"><p role=\"status\" aria-live=\"polite\" aria-atomic=\"true\"><\/p> <ul><\/ul><\/div>\n<form action=\"\/it\/wp-json\/wp\/v2\/pages\/17934#wpcf7-f17928-o1\" method=\"post\" class=\"wpcf7-form init\" aria-label=\"Contact form\" enctype=\"multipart\/form-data\" novalidate=\"novalidate\" data-status=\"init\">\n<div style=\"display: none;\">\n<input type=\"hidden\" name=\"_wpcf7\" value=\"17928\" \/>\n<input type=\"hidden\" name=\"_wpcf7_version\" value=\"5.9.8\" \/>\n<input type=\"hidden\" name=\"_wpcf7_locale\" value=\"en_US\" \/>\n<input type=\"hidden\" name=\"_wpcf7_unit_tag\" value=\"wpcf7-f17928-o1\" \/>\n<input type=\"hidden\" name=\"_wpcf7_container_post\" value=\"0\" \/>\n<input type=\"hidden\" name=\"_wpcf7_posted_data_hash\" value=\"\" \/>\n<input type=\"hidden\" name=\"_wpcf7_recaptcha_response\" value=\"\" \/>\n<\/div>\n<div class=\"form form--has-theme-light\">\n\t<div class=\"form__group form__group--c7 float-label\">\n\t\t<p><span class=\"wpcf7-form-control-wrap\" data-name=\"work-nome-cognome\"><input size=\"40\" maxlength=\"400\" class=\"wpcf7-form-control wpcf7-text wpcf7-validates-as-required form__field form__field--c7 float-label__field\" id=\"work-nome-cognome\" aria-required=\"true\" aria-invalid=\"false\" value=\"\" type=\"text\" name=\"work-nome-cognome\" \/><\/span><br \/>\n<label class=\"form__label form__label--c7 float-label__label\" for=\"work-nome-cognome\">Nome e cognome *<\/label>\n\t\t<\/p>\n\t<\/div>\n\t<div class=\"form__group form__group--c7 float-label\">\n\t\t<p><span class=\"wpcf7-form-control-wrap\" data-name=\"work-email\"><input size=\"40\" maxlength=\"400\" class=\"wpcf7-form-control wpcf7-email wpcf7-validates-as-required wpcf7-text wpcf7-validates-as-email form__field form__field--c7 float-label__field\" id=\"work-email\" aria-required=\"true\" aria-invalid=\"false\" value=\"\" type=\"email\" name=\"work-email\" \/><\/span><br \/>\n<label class=\"form__label float-label__label\" for=\"work-email\">Email *<\/label>\n\t\t<\/p>\n\t<\/div>\n\t<div class=\"form__group form__group--c7\">\n\t\t<p><label class=\"form__label\">Sede di lavoro desiderata<\/label>\n\t\t<\/p>\n\t<\/div>\n\t<div class=\"form__group form__group--c7 form__checkbox\">\n\t\t<p><label class=\"form__checkbox__label\"><span class=\"form__checkbox__wrapper\"><span class=\"wpcf7-form-control-wrap\" data-name=\"sede-di-lavoro\"><span class=\"wpcf7-form-control wpcf7-checkbox\"><span class=\"wpcf7-list-item first last\"><input type=\"checkbox\" name=\"sede-di-lavoro[]\" value=\"milano\" \/><span class=\"wpcf7-list-item-label\">milano<\/span><\/span><\/span><\/span><span class=\"form__checkbox__custom form__checkbox__custom--c7\"><svg class=\"Icon Icon--check\" aria-hidden=\"true\"><use xlink:href=\"#check\"><\/use><\/svg><\/span><\/span><span class=\"form__checkbox__label-text\">Milano<\/span><\/label>\n\t\t<\/p>\n\t<\/div>\n\t<div class=\"form__group form__group--c7 form__checkbox\">\n\t\t<p><label class=\"form__checkbox__label\"><span class=\"form__checkbox__wrapper\"><span class=\"wpcf7-form-control-wrap\" data-name=\"sede-di-lavoro\"><span class=\"wpcf7-form-control wpcf7-checkbox\"><span class=\"wpcf7-list-item first last\"><input type=\"checkbox\" name=\"sede-di-lavoro[]\" value=\"inverigo\" \/><span class=\"wpcf7-list-item-label\">inverigo<\/span><\/span><\/span><\/span><span class=\"form__checkbox__custom form__checkbox__custom--c7\"><svg class=\"Icon Icon--check\" aria-hidden=\"true\"><use xlink:href=\"#check\"><\/use><\/svg><\/span><\/span><span class=\"form__checkbox__label-text\">Inverigo<\/span><\/label>\n\t\t<\/p>\n\t<\/div>\n\t<div class=\"form__group form__group--c7 form__checkbox\">\n\t\t<p><label class=\"form__checkbox__label\"><span class=\"form__checkbox__wrapper\"><span class=\"wpcf7-form-control-wrap\" data-name=\"sede-di-lavoro\"><span class=\"wpcf7-form-control wpcf7-checkbox\"><span class=\"wpcf7-list-item first last\"><input type=\"checkbox\" name=\"sede-di-lavoro[]\" value=\"lugano\" \/><span class=\"wpcf7-list-item-label\">lugano<\/span><\/span><\/span><\/span><span class=\"form__checkbox__custom form__checkbox__custom--c7\"><svg class=\"Icon Icon--check\" aria-hidden=\"true\"><use xlink:href=\"#check\"><\/use><\/svg><\/span><\/span><span class=\"form__checkbox__label-text\">Lugano<\/span><\/label>\n\t\t<\/p>\n\t<\/div>\n\t<div class=\"form__spacing-block form__spacing-block--30\">\n\t<\/div>\n\t<div class=\"form__group form__group--c7\">\n\t\t<p><span class=\"wpcf7-form-control-wrap\" data-name=\"livello-inglese\"><select class=\"wpcf7-form-control wpcf7-select custom-select-field\" id=\"livello-inglese\" aria-invalid=\"false\" name=\"livello-inglese\"><option value=\"\">Conoscenza lingua inglese<\/option><option value=\"A1\">A1<\/option><option value=\"A2\">A2<\/option><option value=\"B1\">B1<\/option><option value=\"B2\">B2<\/option><option value=\"C1\">C1<\/option><option value=\"C2\">C2<\/option><\/select><\/span><label class=\"form__label u-visuallyhidden\" for=\"livello-inglese\">Conoscenza lingua inglese *<\/label>\n\t\t<\/p>\n\t\t<div class=\"form__label\">\n\t\t\t<p><small><i>Media fra scritto e parlato<\/i><\/small>\n\t\t\t<\/p>\n\t\t<\/div>\n\t<\/div>\n\t<div class=\"form__group form__group--c7 float-label\">\n\t\t<p><span class=\"wpcf7-form-control-wrap\" data-name=\"altre-lingue\"><textarea cols=\"10\" rows=\"3\" maxlength=\"2000\" class=\"wpcf7-form-control wpcf7-textarea form__field float-label__field form__field--textarea form__field--textarea-c7\" id=\"altre-lingue\" aria-invalid=\"false\" name=\"altre-lingue\"><\/textarea><\/span><br \/>\n<label class=\"form__label float-label__label\" for=\"altre-lingue\">Conoscenza altre lingue<\/label>\n\t\t<\/p>\n\t<\/div>\n\t<div class=\"form__group form__group--c7 float-label\">\n\t\t<p><span class=\"wpcf7-form-control-wrap\" data-name=\"note\"><textarea cols=\"10\" rows=\"10\" maxlength=\"2000\" class=\"wpcf7-form-control wpcf7-textarea form__field float-label__field form__field--textarea form__field--textarea-c7\" id=\"lettera-presentazione\" aria-invalid=\"false\" name=\"note\"><\/textarea><\/span><br \/>\n<label class=\"form__label float-label__label\" for=\"note\">Note<\/label>\n\t\t<\/p>\n\t<\/div>\n\t<div class=\"form__group\">\n\t\t<p><label class=\"form__label form__label--c7\" for=\"cv\">Curriculum *<\/label><br \/>\n<span class=\"wpcf7-form-control-wrap\" data-name=\"cv\"><input size=\"40\" class=\"wpcf7-form-control wpcf7-file wpcf7-validates-as-required form__field\" id=\"cv\" accept=\".pdf,.doc,.docx,.txt,.rtf,.odt\" aria-required=\"true\" aria-invalid=\"false\" type=\"file\" name=\"cv\" \/><\/span>\n\t\t<\/p>\n\t<\/div>\n\t<div class=\"form__group\" data-cascade-visibility data-cascade-visibility-ref=\"altri-documenti\">\n\t\t<p><label class=\"form__label form__label--c7\" for=\"altri-documenti-1\">Altri file <small>(portfolio, progetti, realizzazioni etc...) <\/small><\/label><br \/>\n<span class=\"wpcf7-form-control-wrap\" data-name=\"altri-documenti-1\"><input size=\"40\" class=\"wpcf7-form-control wpcf7-file form__field\" id=\"altri-documenti-1\" accept=\".pdf,.doc,.docx,.txt,.rtf,.odt\" aria-invalid=\"false\" type=\"file\" name=\"altri-documenti-1\" \/><\/span>\n\t\t<\/p>\n\t<\/div>\n\t<div class=\"form__group\" data-cascade-visibility-ref=\"altri-documenti\">\n\t\t<p><span class=\"wpcf7-form-control-wrap\" data-name=\"altri-documenti-2\"><input size=\"40\" class=\"wpcf7-form-control wpcf7-file form__field\" id=\"altri-documenti-2\" accept=\".pdf,.doc,.docx,.txt,.rtf,.odt\" aria-invalid=\"false\" type=\"file\" name=\"altri-documenti-2\" \/><\/span>\n\t\t<\/p>\n\t<\/div>\n\t<div class=\"form__group\" data-cascade-visibility-ref=\"altri-documenti\">\n\t\t<p><span class=\"wpcf7-form-control-wrap\" data-name=\"altri-documenti-3\"><input size=\"40\" class=\"wpcf7-form-control wpcf7-file form__field\" id=\"altri-documenti-3\" accept=\".pdf,.doc,.docx,.txt,.rtf,.odt\" aria-invalid=\"false\" type=\"file\" name=\"altri-documenti-3\" \/><\/span>\n\t\t<\/p>\n\t<\/div>\n\t<div class=\"form__spacing-block form__spacing-block--30\">\n\t<\/div>\n\t<div class=\"form__group form__group--c7 form__checkbox\">\n\t\t<p><label class=\"form__checkbox__label\"><span class=\"form__checkbox__wrapper\"><span class=\"wpcf7-form-control-wrap\" data-name=\"work-privacy\"><span class=\"wpcf7-form-control wpcf7-acceptance\"><span class=\"wpcf7-list-item\"><input type=\"checkbox\" name=\"work-privacy\" value=\"1\" id=\"work-privacy\" aria-invalid=\"false\" \/><\/span><\/span><\/span><span class=\"form__checkbox__custom form__checkbox__custom--c7\"><svg class=\"Icon Icon--check\" aria-hidden=\"true\"><use xlink:href=\"#check\"><\/use><\/svg><\/span><\/span><span class=\"form__checkbox__label-text\">Autorizzo il trattamento dei miei dati personali in conformit\u00e0 al regolamento dell'Unione europea n. 679\/2016 (GDPR).*<\/span><\/label>\n\t\t<\/p>\n\t<\/div>\n\t<div class=\"form__group form__group--c7 form__group--submit-c7\">\n\t\t<p><button class=\"button form__submit form__submit-c7\" type=\"submit\"><span class=\"form__submit__label\">Invia<\/span><\/button>\n\t\t<\/p>\n\t<\/div>\n\t<div class=\"lds-dual-ring\" style=\"display: none;\">\n\t<\/div>\n<\/div>\n<p><script>\njQuery('.wpcf7-form').submit(function() {\n jQuery('button.button.form__submit.form__submit-c7').hide();\n jQuery('.lds-dual-ring').show();\n});\ndocument.addEventListener( 'wpcf7submit', function( event ) {\n jQuery('button.button.form__submit.form__submit-c7').show();\n jQuery('.lds-dual-ring').hide();\n}, false );\ndocument.addEventListener( 'wpcf7mailsent', function( event ) {\n jQuery('button.button.form__submit.form__submit-c7').hide();\n jQuery('.lds-dual-ring').hide();\n}, false );\n<\/script>\n<\/p><div class=\"wpcf7-response-output\" aria-hidden=\"true\"><\/div>\n<\/form>\n<\/div>\n\n<p>&nbsp;<\/p>\n<p>Per l&#8217;informativa sul trattamento dei dati personali <a href=\"https:\/\/www.salvioniarredamenti.it\/it\/informativa-privacy\/\">clicca qui.<\/a><\/p>\n","protected":false},"excerpt":{"rendered":"<p>Salvioni Design Solutions \u00e8 un rivenditore multibrand attivo da oltre 50 anni nel settore dell\u2019arredamento di design. La forza del suo operato consiste nell\u2019assicurare ai propri clienti un\u2019offerta completa e rigorosamente selezionata dei migliori marchi di settore, nonch\u00e9 la pi\u00f9 vasta gamma di servizi. Puntualit\u00e0 e affidabilit\u00e0 sono garanzie del suo operato cui si affida, [&hellip;]<\/p>\n","protected":false},"author":5,"featured_media":0,"parent":0,"menu_order":16,"comment_status":"closed","ping_status":"closed","template":"page-work-with-us.php","meta":{"_acf_changed":false,"footnotes":""},"class_list":["post-17934","page","type-page","status-publish","hentry"],"acf":[],"yoast_head":"<!-- This site is optimized with the Yoast SEO plugin v23.3 - https:\/\/yoast.com\/wordpress\/plugins\/seo\/ -->\n<title>Lavora con noi - Salvioni<\/title>\n<meta name=\"robots\" content=\"index, follow, max-snippet:-1, max-image-preview:large, max-video-preview:-1\" \/>\n<link rel=\"canonical\" href=\"https:\/\/www.salvioniarredamenti.it\/it\/carriere\/\" \/>\n<meta property=\"og:locale\" content=\"it_IT\" \/>\n<meta property=\"og:type\" content=\"article\" \/>\n<meta property=\"og:title\" content=\"Lavora con noi - Salvioni\" \/>\n<meta property=\"og:description\" content=\"Salvioni Design Solutions \u00e8 un rivenditore multibrand attivo da oltre 50 anni nel settore dell\u2019arredamento di design. La forza del suo operato consiste nell\u2019assicurare ai propri clienti un\u2019offerta completa e rigorosamente selezionata dei migliori marchi di settore, nonch\u00e9 la pi\u00f9 vasta gamma di servizi. Puntualit\u00e0 e affidabilit\u00e0 sono garanzie del suo operato cui si affida, [&hellip;]\" \/>\n<meta property=\"og:url\" content=\"https:\/\/www.salvioniarredamenti.it\/it\/carriere\/\" \/>\n<meta property=\"og:site_name\" content=\"Salvioni\" \/>\n<meta property=\"article:modified_time\" content=\"2026-04-29T13:20:45+00:00\" \/>\n<meta name=\"twitter:card\" content=\"summary_large_image\" \/>\n<meta name=\"twitter:label1\" content=\"Tempo di lettura stimato\" \/>\n\t<meta name=\"twitter:data1\" content=\"1 minuto\" \/>\n<script type=\"application\/ld+json\" class=\"yoast-schema-graph\">{\"@context\":\"https:\/\/schema.org\",\"@graph\":[{\"@type\":\"WebPage\",\"@id\":\"https:\/\/www.salvioniarredamenti.it\/it\/carriere\/\",\"url\":\"https:\/\/www.salvioniarredamenti.it\/it\/carriere\/\",\"name\":\"Lavora con noi - Salvioni\",\"isPartOf\":{\"@id\":\"https:\/\/www.salvioniarredamenti.it\/en\/#website\"},\"datePublished\":\"2018-07-16T12:37:52+00:00\",\"dateModified\":\"2026-04-29T13:20:45+00:00\",\"breadcrumb\":{\"@id\":\"https:\/\/www.salvioniarredamenti.it\/it\/carriere\/#breadcrumb\"},\"inLanguage\":\"it-IT\",\"potentialAction\":[{\"@type\":\"ReadAction\",\"target\":[\"https:\/\/www.salvioniarredamenti.it\/it\/carriere\/\"]}]},{\"@type\":\"BreadcrumbList\",\"@id\":\"https:\/\/www.salvioniarredamenti.it\/it\/carriere\/#breadcrumb\",\"itemListElement\":[{\"@type\":\"ListItem\",\"position\":1,\"name\":\"Home\",\"item\":\"https:\/\/www.salvioniarredamenti.it\/it\/\"},{\"@type\":\"ListItem\",\"position\":2,\"name\":\"Lavora con noi\"}]},{\"@type\":\"WebSite\",\"@id\":\"https:\/\/www.salvioniarredamenti.it\/en\/#website\",\"url\":\"https:\/\/www.salvioniarredamenti.it\/en\/\",\"name\":\"Salvioni\",\"description\":\"Salvioni Arredamenti\",\"potentialAction\":[{\"@type\":\"SearchAction\",\"target\":{\"@type\":\"EntryPoint\",\"urlTemplate\":\"https:\/\/www.salvioniarredamenti.it\/en\/?s={search_term_string}\"},\"query-input\":\"required name=search_term_string\"}],\"inLanguage\":\"it-IT\"}]}<\/script>\n<!-- \/ Yoast SEO plugin. -->","yoast_head_json":{"title":"Lavora con noi - Salvioni","robots":{"index":"index","follow":"follow","max-snippet":"max-snippet:-1","max-image-preview":"max-image-preview:large","max-video-preview":"max-video-preview:-1"},"canonical":"https:\/\/www.salvioniarredamenti.it\/it\/carriere\/","og_locale":"it_IT","og_type":"article","og_title":"Lavora con noi - Salvioni","og_description":"Salvioni Design Solutions \u00e8 un rivenditore multibrand attivo da oltre 50 anni nel settore dell\u2019arredamento di design. La forza del suo operato consiste nell\u2019assicurare ai propri clienti un\u2019offerta completa e rigorosamente selezionata dei migliori marchi di settore, nonch\u00e9 la pi\u00f9 vasta gamma di servizi. Puntualit\u00e0 e affidabilit\u00e0 sono garanzie del suo operato cui si affida, [&hellip;]","og_url":"https:\/\/www.salvioniarredamenti.it\/it\/carriere\/","og_site_name":"Salvioni","article_modified_time":"2026-04-29T13:20:45+00:00","twitter_card":"summary_large_image","twitter_misc":{"Tempo di lettura stimato":"1 minuto"},"schema":{"@context":"https:\/\/schema.org","@graph":[{"@type":"WebPage","@id":"https:\/\/www.salvioniarredamenti.it\/it\/carriere\/","url":"https:\/\/www.salvioniarredamenti.it\/it\/carriere\/","name":"Lavora con noi - Salvioni","isPartOf":{"@id":"https:\/\/www.salvioniarredamenti.it\/en\/#website"},"datePublished":"2018-07-16T12:37:52+00:00","dateModified":"2026-04-29T13:20:45+00:00","breadcrumb":{"@id":"https:\/\/www.salvioniarredamenti.it\/it\/carriere\/#breadcrumb"},"inLanguage":"it-IT","potentialAction":[{"@type":"ReadAction","target":["https:\/\/www.salvioniarredamenti.it\/it\/carriere\/"]}]},{"@type":"BreadcrumbList","@id":"https:\/\/www.salvioniarredamenti.it\/it\/carriere\/#breadcrumb","itemListElement":[{"@type":"ListItem","position":1,"name":"Home","item":"https:\/\/www.salvioniarredamenti.it\/it\/"},{"@type":"ListItem","position":2,"name":"Lavora con noi"}]},{"@type":"WebSite","@id":"https:\/\/www.salvioniarredamenti.it\/en\/#website","url":"https:\/\/www.salvioniarredamenti.it\/en\/","name":"Salvioni","description":"Salvioni Arredamenti","potentialAction":[{"@type":"SearchAction","target":{"@type":"EntryPoint","urlTemplate":"https:\/\/www.salvioniarredamenti.it\/en\/?s={search_term_string}"},"query-input":"required name=search_term_string"}],"inLanguage":"it-IT"}]}},"_links":{"self":[{"href":"https:\/\/www.salvioniarredamenti.it\/it\/wp-json\/wp\/v2\/pages\/17934"}],"collection":[{"href":"https:\/\/www.salvioniarredamenti.it\/it\/wp-json\/wp\/v2\/pages"}],"about":[{"href":"https:\/\/www.salvioniarredamenti.it\/it\/wp-json\/wp\/v2\/types\/page"}],"author":[{"embeddable":true,"href":"https:\/\/www.salvioniarredamenti.it\/it\/wp-json\/wp\/v2\/users\/5"}],"replies":[{"embeddable":true,"href":"https:\/\/www.salvioniarredamenti.it\/it\/wp-json\/wp\/v2\/comments?post=17934"}],"version-history":[{"count":10,"href":"https:\/\/www.salvioniarredamenti.it\/it\/wp-json\/wp\/v2\/pages\/17934\/revisions"}],"predecessor-version":[{"id":66463,"href":"https:\/\/www.salvioniarredamenti.it\/it\/wp-json\/wp\/v2\/pages\/17934\/revisions\/66463"}],"wp:attachment":[{"href":"https:\/\/www.salvioniarredamenti.it\/it\/wp-json\/wp\/v2\/media?parent=17934"}],"curies":[{"name":"wp","href":"https:\/\/api.w.org\/{rel}","templated":true}]}}