{"id":18690,"date":"2018-08-03T16:37:25","date_gmt":"2018-08-03T16:37:25","guid":{"rendered":"https:\/\/www.salvioniarredamenti.it\/?page_id=18690\/"},"modified":"2026-04-27T10:12:05","modified_gmt":"2026-04-27T09:12:05","slug":"informativa-trattamento-dati-personali","status":"publish","type":"page","link":"https:\/\/www.salvioniarredamenti.it\/it\/informativa-trattamento-dati-personali\/","title":{"rendered":"Informativa sul trattamento dei dati personali Salvioni S.p.A."},"content":{"rendered":"<p>Gentile Cliente \/ Fornitore,<\/p>\n<p>desideriamo informarLa che, ai sensi dell\u2019articolo 13 del <em>Regolamento UE 2016\/679 <\/em>(<em>General Data Protection Regulation<\/em> \u2013 d\u2019ora in avanti \u201c<em>GDPR 2016\/679<\/em>\u201d), recanti disposizioni a tutela delle persone rispetto al trattamento dei dati personali, i dati personali da Lei forniti andranno a costituire oggetto di trattamento da parte della nostra Societ\u00e0. Il trattamento dei dati personali avverr\u00e0 nel rispetto delle normative sopra richiamate, in particolare, secondo i principi di liceit\u00e0, correttezza, trasparenza e di tutela della Sua riservatezza e dei Suoi diritti, con particolare riferimento all\u2019integrit\u00e0, alla riservatezza, all\u2019identit\u00e0 personale e al diritto di protezione dei dati personali.<\/p>\n<ol>\n<li><strong>Titolare del trattamento dei Dati<\/strong><\/li>\n<\/ol>\n<p>Titolare del trattamento: Salvioni S.p.A.<\/p>\n<p><strong>S<\/strong>ede legale: via Durini n. 3 \u2013 20122, Milano (MI)<\/p>\n<p>Indirizzo e-mail con cui contattare il titolare: <a href=\"mailto:info@salvioniarredamenti.it\">info@salvioniarredamenti.it<\/a><\/p>\n<ol start=\"2\">\n<li><strong>Responsabile della protezione dei dati (DPO)<\/strong><\/li>\n<\/ol>\n<p>La Societ\u00e0 non ha provveduto alla nomina del Responsabile della Protezione dei Dati (DPO), in quanto non ricorrono i presupposti previsti dall\u2019art. 37 del GDPR.<\/p>\n<ol start=\"3\">\n<li><strong>Tipologie di dati raccolti<\/strong><\/li>\n<\/ol>\n<p>Il conferimento dei dati personali \u00e8 necessario per la stipula dei contratti, per le loro modifiche e ogni altro rapporto con la Societ\u00e0. Tra i dati personali raccolti, sono inclusi:<\/p>\n<ol>\n<li>dati anagrafici del cliente persona fisica o del legale rappresentante\/referente aziendale della societ\u00e0 cliente;<\/li>\n<li>dati di contatto del cliente persona fisica o del legale rappresentante\/referente aziendale della societ\u00e0 cliente;<\/li>\n<li>dati necessari per adempimenti amministrativi, fiscali e civilistici (es. codice fiscale, coordinate bancarie);<\/li>\n<li>dati necessari per attuare la consegna dei prodotti (quali ad esempio, indirizzo di consegna del cliente);<\/li>\n<li>immagini fotografiche e\/o riprese video realizzate nel corso dell\u2019installazione, previo consenso.<\/li>\n<\/ol>\n<p>&nbsp;<\/p>\n<ol start=\"4\">\n<li><strong>Finalit\u00e0 del trattamento cui sono destinati i dati<\/strong><\/li>\n<\/ol>\n<p>I dati personali da Lei forniti saranno utilizzati per le seguenti finalit\u00e0:<\/p>\n<ol>\n<li>ottemperare agli adempimenti di Legge, ai Regolamenti, alla normativa comunitaria, alle norme civilistiche e fiscali;<\/li>\n<li>espletare i servizi richiesti, adempiere ad eventuali obblighi contrattuali e consentire un\u2019efficace gestione del rapporto con la controparte al fine di rispondere alle richieste di informazione, assistenza, suggerimenti e\/o esigenze da Lei segnalate.<\/li>\n<li>utilizzo di immagini per finalit\u00e0 di comunicazione istituzionale e promozionale, previo consenso.<\/li>\n<\/ol>\n<p>&nbsp;<\/p>\n<ol start=\"5\">\n<li><strong>Natura del conferimento e base giuridica del trattamento<\/strong><\/li>\n<\/ol>\n<p>Il trattamento dei dati personali si basa sull\u2019esecuzione di un contratto di cui l\u2019interessato \u00e8 parte (art. 6, par. 1, lett. b GDPR), nonch\u00e9 sull\u2019adempimento di obblighi di legge cui \u00e8 soggetto il Titolare (art. 6, par. 1, lett. c GDPR). Ove necessario, il trattamento potr\u00e0 inoltre basarsi sul consenso dell\u2019interessato (art. 6, par. 1, lett. a GDPR).<\/p>\n<ol start=\"6\">\n<li><strong>Modalit\u00e0 di trattamento<\/strong><\/li>\n<\/ol>\n<p>Il trattamento sar\u00e0 svolto in forma automatizzata e\/o manuale, con modalit\u00e0 e strumenti che rispettino le misure di sicurezza di cui all\u2019art. 32 del GDPR 2016\/679, ad opera di soggetti appositamente incaricati, in ottemperanza quanto previsto dall\u2019art. 29 del Regolamento Europeo.<\/p>\n<p>Saranno impiegate le misure di sicurezza atte a garantire la riservatezza del soggetto interessato cui tali dati si riferiscono e ad evitare l\u2019indebito accesso da parte di soggetti terzi e\/o a personale non autorizzato.<\/p>\n<p>Il titolare adotta le opportune misure di sicurezza volte ad impedire l\u2019accesso, la divulgazione, la modifica o la distruzione non autorizzata dei dati personali.<\/p>\n<p>Eventuali strumenti informatici utilizzati a supporto delle attivit\u00e0 aziendali non comportano processi decisionali automatizzati che producano effetti giuridici o incidano in modo significativo sull\u2019interessato.<\/p>\n<ol start=\"7\">\n<li><strong>Conservazione<\/strong><\/li>\n<\/ol>\n<p>Le segnaliamo che, nel rispetto dei principi di liceit\u00e0, limitazione delle finalit\u00e0 e minimizzazione dei dati (ai sensi dell\u2019art. 5 del GDPR 2016\/679), i Suoi dati personali saranno conservati per un periodo di tempo non superiore al conseguimento delle finalit\u00e0 per le quali sono raccolti e trattati e, in particolare:<\/p>\n<ul>\n<li>i dati trattati per finalit\u00e0 amministrative, contabili e contrattuali saranno conservati per un periodo non superiore a 10 anni, nel rispetto degli obblighi di legge;<\/li>\n<li>i dati trattati per la gestione e organizzazione dell\u2019installazione del prodotto saranno conservati per il tempo necessario allo svolgimento dell\u2019attivit\u00e0 e alla gestione di eventuali esigenze post-installazione;<\/li>\n<li>le immagini fotografiche e\/o riprese video saranno conservate per un periodo di tempo coerente con le finalit\u00e0 di comunicazione e promozione della Societ\u00e0, salvo revoca del consenso.<\/li>\n<\/ul>\n<p>Al termine dei periodi di conservazione sopra indicati, i dati personali saranno cancellati o resi anonimi.<\/p>\n<ol start=\"8\">\n<li><strong>Ambito di comunicazione e diffusione<\/strong><\/li>\n<\/ol>\n<p>I dati potranno essere comunicati a soggetti terzi, in relazione alle finalit\u00e0 sopra indicate, tra cui:<\/p>\n<ul>\n<li>soggetti pubblici e Autorit\u00e0 competenti nei casi previsti dalla legge;<\/li>\n<li>consulenti e professionisti incaricati dalla Societ\u00e0;<\/li>\n<li>fornitori e partner coinvolti nell\u2019organizzazione e gestione dell\u2019installazione del prodotto.<\/li>\n<\/ul>\n<p>Solo le immagini fotografiche e\/o le riprese video realizzate nel corso dell\u2019installazione potranno essere oggetto di diffusione, anche attraverso siti internet, social network e materiali informativi\/promozionali, esclusivamente previo consenso dell\u2019interessato.<\/p>\n<p>I soggetti destinatari dei dati tratteranno gli stessi, a seconda dei casi, in qualit\u00e0 di Responsabili del trattamento o di autonomi Titolari.<\/p>\n<ol start=\"9\">\n<li><strong>Trasferimento dei dati a Paesi extra-UE<\/strong><\/li>\n<\/ol>\n<p>Il Titolare del trattamento non trasferisce sistematicamente i dati personali verso Paesi al di fuori dell\u2019Unione Europea. Tuttavia, qualora si rendesse necessario l\u2019utilizzo di servizi in cloud o di fornitori stabiliti in Paesi extra-UE, il trasferimento avverr\u00e0 nel rispetto delle disposizioni di cui agli artt. 44 e ss. del GDPR, adottando le garanzie appropriate previste dalla normativa applicabile.<\/p>\n<ol start=\"10\">\n<li><strong>Diritti dell\u2019interessato<\/strong><\/li>\n<\/ol>\n<p>In ogni momento, Lei potr\u00e0 esercitare nei confronti del Titolare del trattamento, ai sensi degli artt. 15-22 del <em>GDPR 2016\/679<\/em>, il diritto di:<\/p>\n<ul>\n<li>ottenere la conferma dell\u2019esistenza o meno di dati personali che La riguardano e accedere agli stessi;<\/li>\n<li>ottenere indicazioni circa le finalit\u00e0 del trattamento, le categorie di dati trattati, i destinatari o le categorie di destinatari a cui i dati sono stati o saranno comunicati e, quando possibile, il periodo di conservazione;<\/li>\n<li>ottenere la rettifica dei dati inesatti o l\u2019integrazione dei dati incompleti, nonch\u00e9 la cancellazione dei dati o la limitazione del trattamento nei casi previsti dalla normativa;<\/li>\n<li>ricevere i dati personali in un formato strutturato, di uso comune e leggibile da dispositivo automatico, nonch\u00e9 trasmetterli ad altro Titolare del trattamento (diritto alla portabilit\u00e0);<\/li>\n<li>opporsi al trattamento nei casi previsti dalla normativa;<\/li>\n<li>revocare in qualsiasi momento il consenso eventualmente prestato, senza pregiudicare la liceit\u00e0 del trattamento basata sul consenso prima della revoca;<\/li>\n<li>proporre reclamo all\u2019Autorit\u00e0 di controllo competente (Garante per la protezione dei dati personali).<\/li>\n<\/ul>\n<p>&nbsp;<\/p>\n<ol start=\"11\">\n<li><strong>Informazioni non contenute in questa policy<\/strong><\/li>\n<\/ol>\n<p>Ulteriori informazioni in relazione al trattamento dei Dati Personali potranno essere richieste in qualsiasi momento al Titolare del Trattamento utilizzando gli estremi di contatto.<\/p>\n<p>&nbsp;<\/p>\n","protected":false},"excerpt":{"rendered":"<p>Gentile Cliente \/ Fornitore, desideriamo informarLa che, ai sensi dell\u2019articolo 13 del Regolamento UE 2016\/679 (General Data Protection Regulation \u2013 d\u2019ora in avanti \u201cGDPR 2016\/679\u201d), recanti disposizioni a tutela delle persone rispetto al trattamento dei dati personali, i dati personali da Lei forniti andranno a costituire oggetto di trattamento da parte della nostra Societ\u00e0. Il [&hellip;]<\/p>\n","protected":false},"author":3,"featured_media":0,"parent":0,"menu_order":36,"comment_status":"closed","ping_status":"closed","template":"","meta":{"_acf_changed":false,"footnotes":""},"class_list":["post-18690","page","type-page","status-publish","hentry"],"acf":[],"yoast_head":"<!-- This site is optimized with the Yoast SEO plugin v23.3 - https:\/\/yoast.com\/wordpress\/plugins\/seo\/ -->\n<title>Informativa sul trattamento dei dati personali Salvioni S.p.A. - Salvioni<\/title>\n<meta name=\"robots\" content=\"index, follow, max-snippet:-1, max-image-preview:large, max-video-preview:-1\" \/>\n<link rel=\"canonical\" href=\"https:\/\/www.salvioniarredamenti.it\/it\/informativa-trattamento-dati-personali\/\" \/>\n<meta property=\"og:locale\" content=\"it_IT\" \/>\n<meta property=\"og:type\" content=\"article\" \/>\n<meta property=\"og:title\" content=\"Informativa sul trattamento dei dati personali Salvioni S.p.A. - Salvioni\" \/>\n<meta property=\"og:description\" content=\"Gentile Cliente \/ Fornitore, desideriamo informarLa che, ai sensi dell\u2019articolo 13 del Regolamento UE 2016\/679 (General Data Protection Regulation \u2013 d\u2019ora in avanti \u201cGDPR 2016\/679\u201d), recanti disposizioni a tutela delle persone rispetto al trattamento dei dati personali, i dati personali da Lei forniti andranno a costituire oggetto di trattamento da parte della nostra Societ\u00e0. Il [&hellip;]\" \/>\n<meta property=\"og:url\" content=\"https:\/\/www.salvioniarredamenti.it\/it\/informativa-trattamento-dati-personali\/\" \/>\n<meta property=\"og:site_name\" content=\"Salvioni\" \/>\n<meta property=\"article:modified_time\" content=\"2026-04-27T09:12:05+00:00\" \/>\n<meta name=\"twitter:card\" content=\"summary_large_image\" \/>\n<meta name=\"twitter:label1\" content=\"Tempo di lettura stimato\" \/>\n\t<meta name=\"twitter:data1\" content=\"5 minuti\" \/>\n<script type=\"application\/ld+json\" class=\"yoast-schema-graph\">{\"@context\":\"https:\/\/schema.org\",\"@graph\":[{\"@type\":\"WebPage\",\"@id\":\"https:\/\/www.salvioniarredamenti.it\/it\/informativa-trattamento-dati-personali\/\",\"url\":\"https:\/\/www.salvioniarredamenti.it\/it\/informativa-trattamento-dati-personali\/\",\"name\":\"Informativa sul trattamento dei dati personali Salvioni S.p.A. - Salvioni\",\"isPartOf\":{\"@id\":\"https:\/\/www.salvioniarredamenti.it\/en\/#website\"},\"datePublished\":\"2018-08-03T16:37:25+00:00\",\"dateModified\":\"2026-04-27T09:12:05+00:00\",\"breadcrumb\":{\"@id\":\"https:\/\/www.salvioniarredamenti.it\/it\/informativa-trattamento-dati-personali\/#breadcrumb\"},\"inLanguage\":\"it-IT\",\"potentialAction\":[{\"@type\":\"ReadAction\",\"target\":[\"https:\/\/www.salvioniarredamenti.it\/it\/informativa-trattamento-dati-personali\/\"]}]},{\"@type\":\"BreadcrumbList\",\"@id\":\"https:\/\/www.salvioniarredamenti.it\/it\/informativa-trattamento-dati-personali\/#breadcrumb\",\"itemListElement\":[{\"@type\":\"ListItem\",\"position\":1,\"name\":\"Home\",\"item\":\"https:\/\/www.salvioniarredamenti.it\/it\/\"},{\"@type\":\"ListItem\",\"position\":2,\"name\":\"Informativa sul trattamento dei dati personali Salvioni S.p.A.\"}]},{\"@type\":\"WebSite\",\"@id\":\"https:\/\/www.salvioniarredamenti.it\/en\/#website\",\"url\":\"https:\/\/www.salvioniarredamenti.it\/en\/\",\"name\":\"Salvioni\",\"description\":\"Salvioni Arredamenti\",\"potentialAction\":[{\"@type\":\"SearchAction\",\"target\":{\"@type\":\"EntryPoint\",\"urlTemplate\":\"https:\/\/www.salvioniarredamenti.it\/en\/?s={search_term_string}\"},\"query-input\":\"required name=search_term_string\"}],\"inLanguage\":\"it-IT\"}]}<\/script>\n<!-- \/ Yoast SEO plugin. -->","yoast_head_json":{"title":"Informativa sul trattamento dei dati personali Salvioni S.p.A. - Salvioni","robots":{"index":"index","follow":"follow","max-snippet":"max-snippet:-1","max-image-preview":"max-image-preview:large","max-video-preview":"max-video-preview:-1"},"canonical":"https:\/\/www.salvioniarredamenti.it\/it\/informativa-trattamento-dati-personali\/","og_locale":"it_IT","og_type":"article","og_title":"Informativa sul trattamento dei dati personali Salvioni S.p.A. - Salvioni","og_description":"Gentile Cliente \/ Fornitore, desideriamo informarLa che, ai sensi dell\u2019articolo 13 del Regolamento UE 2016\/679 (General Data Protection Regulation \u2013 d\u2019ora in avanti \u201cGDPR 2016\/679\u201d), recanti disposizioni a tutela delle persone rispetto al trattamento dei dati personali, i dati personali da Lei forniti andranno a costituire oggetto di trattamento da parte della nostra Societ\u00e0. Il [&hellip;]","og_url":"https:\/\/www.salvioniarredamenti.it\/it\/informativa-trattamento-dati-personali\/","og_site_name":"Salvioni","article_modified_time":"2026-04-27T09:12:05+00:00","twitter_card":"summary_large_image","twitter_misc":{"Tempo di lettura stimato":"5 minuti"},"schema":{"@context":"https:\/\/schema.org","@graph":[{"@type":"WebPage","@id":"https:\/\/www.salvioniarredamenti.it\/it\/informativa-trattamento-dati-personali\/","url":"https:\/\/www.salvioniarredamenti.it\/it\/informativa-trattamento-dati-personali\/","name":"Informativa sul trattamento dei dati personali Salvioni S.p.A. - Salvioni","isPartOf":{"@id":"https:\/\/www.salvioniarredamenti.it\/en\/#website"},"datePublished":"2018-08-03T16:37:25+00:00","dateModified":"2026-04-27T09:12:05+00:00","breadcrumb":{"@id":"https:\/\/www.salvioniarredamenti.it\/it\/informativa-trattamento-dati-personali\/#breadcrumb"},"inLanguage":"it-IT","potentialAction":[{"@type":"ReadAction","target":["https:\/\/www.salvioniarredamenti.it\/it\/informativa-trattamento-dati-personali\/"]}]},{"@type":"BreadcrumbList","@id":"https:\/\/www.salvioniarredamenti.it\/it\/informativa-trattamento-dati-personali\/#breadcrumb","itemListElement":[{"@type":"ListItem","position":1,"name":"Home","item":"https:\/\/www.salvioniarredamenti.it\/it\/"},{"@type":"ListItem","position":2,"name":"Informativa sul trattamento dei dati personali Salvioni S.p.A."}]},{"@type":"WebSite","@id":"https:\/\/www.salvioniarredamenti.it\/en\/#website","url":"https:\/\/www.salvioniarredamenti.it\/en\/","name":"Salvioni","description":"Salvioni Arredamenti","potentialAction":[{"@type":"SearchAction","target":{"@type":"EntryPoint","urlTemplate":"https:\/\/www.salvioniarredamenti.it\/en\/?s={search_term_string}"},"query-input":"required name=search_term_string"}],"inLanguage":"it-IT"}]}},"_links":{"self":[{"href":"https:\/\/www.salvioniarredamenti.it\/it\/wp-json\/wp\/v2\/pages\/18690"}],"collection":[{"href":"https:\/\/www.salvioniarredamenti.it\/it\/wp-json\/wp\/v2\/pages"}],"about":[{"href":"https:\/\/www.salvioniarredamenti.it\/it\/wp-json\/wp\/v2\/types\/page"}],"author":[{"embeddable":true,"href":"https:\/\/www.salvioniarredamenti.it\/it\/wp-json\/wp\/v2\/users\/3"}],"replies":[{"embeddable":true,"href":"https:\/\/www.salvioniarredamenti.it\/it\/wp-json\/wp\/v2\/comments?post=18690"}],"version-history":[{"count":7,"href":"https:\/\/www.salvioniarredamenti.it\/it\/wp-json\/wp\/v2\/pages\/18690\/revisions"}],"predecessor-version":[{"id":66452,"href":"https:\/\/www.salvioniarredamenti.it\/it\/wp-json\/wp\/v2\/pages\/18690\/revisions\/66452"}],"wp:attachment":[{"href":"https:\/\/www.salvioniarredamenti.it\/it\/wp-json\/wp\/v2\/media?parent=18690"}],"curies":[{"name":"wp","href":"https:\/\/api.w.org\/{rel}","templated":true}]}}