{"id":66455,"date":"2026-04-27T10:24:49","date_gmt":"2026-04-27T09:24:49","guid":{"rendered":"https:\/\/www.salvioniarredamenti.it\/?page_id=66455"},"modified":"2026-04-27T10:29:38","modified_gmt":"2026-04-27T09:29:38","slug":"informativa-privacy","status":"publish","type":"page","link":"https:\/\/www.salvioniarredamenti.it\/it\/informativa-privacy\/","title":{"rendered":"Informativa sul trattamento dei dati personali"},"content":{"rendered":"<p>Gentile Candidato,<\/p>\n<p>desideriamo informarLa che, ai sensi dell\u2019articolo 13 del Regolamento UE 2016\/679 (General Data Protection Regulation \u2013 d\u2019ora in avanti \u201cGDPR 2016\/679\u201d), i dati personali da Lei forniti formeranno oggetto di trattamento da parte della nostra Societ\u00e0. Il trattamento dei dati personali avverr\u00e0 nel rispetto della normativa sopra richiamata e, in particolare, secondo i principi di liceit\u00e0, correttezza, trasparenza e tutela della riservatezza e dei diritti dell\u2019interessato.<\/p>\n<ol>\n<li><strong>Titolare del trattamento dei Dati<\/strong><\/li>\n<\/ol>\n<p>Titolare del trattamento: Salvioni S.p.A.<\/p>\n<p>Sede legale: via Durini n. 3 \u2013 20122, Milano (MI)<\/p>\n<p>Indirizzo e-mail con cui contattare il titolare: <a href=\"mailto:info@salvioniarredamenti.it\">info@salvioniarredamenti.it<\/a><\/p>\n<ol start=\"2\">\n<li><strong>Responsabile della protezione dei dati (DPO)<\/strong><\/li>\n<\/ol>\n<p>La Societ\u00e0 non ha provveduto alla nomina del Responsabile della Protezione dei Dati (DPO), in quanto non ricorrono i presupposti previsti dall\u2019art. 37 del GDPR.<\/p>\n<ol start=\"3\">\n<li><strong>Tipologie di dati raccolti<\/strong><\/li>\n<\/ol>\n<p>Nell\u2019ambito del processo di selezione del personale, il Titolare tratter\u00e0 le seguenti categorie di dati personali contenuti nel Curriculum Vitae e nelle eventuali ulteriori informazioni fornite dal candidato.<\/p>\n<p>In particolare:<\/p>\n<ol>\n<li>dati anagrafici (es. nome, cognome, data e luogo di nascita, codice fiscale, residenza);<\/li>\n<li>dati di contatto (es. numero di telefono, indirizzo e-mail, eventuali profili professionali online);<\/li>\n<li>dati professionali e formativi (es. esperienze lavorative, qualifiche, titolo di studio, competenze e attestati);<\/li>\n<li>eventuali immagini fotografiche presenti nel Curriculum Vitae;<\/li>\n<li>eventuali dati particolari ai sensi dell\u2019art. 9 del GDPR (es. appartenenza a categorie protette), forniti spontaneamente dal candidato e trattati nei limiti di quanto strettamente necessario ai fini della selezione;<\/li>\n<li>eventuali dati trattati, ove necessario, nell\u2019ambito degli adempimenti previsti dalla normativa in materia di salute e sicurezza sul lavoro, tramite il Medico Competente.<\/li>\n<\/ol>\n<p>&nbsp;<\/p>\n<ol start=\"4\">\n<li><strong>Finalit\u00e0 del trattamento cui sono destinati i dati<\/strong><\/li>\n<\/ol>\n<p>I dati personali saranno trattati per le seguenti finalit\u00e0:<\/p>\n<ol>\n<li>valutare la candidatura e gestire il processo di selezione del personale in relazione a posizioni aperte o future;<\/li>\n<li>gestire eventuali successive opportunit\u00e0 professionali coerenti con il profilo del candidato;<\/li>\n<li>adempiere agli obblighi di legge applicabili, inclusi quelli in materia di lavoro e, in caso di esito positivo della selezione, di salute e sicurezza sul lavoro, anche tramite il Medico Competente.<\/li>\n<\/ol>\n<p>&nbsp;<\/p>\n<ol start=\"5\">\n<li><strong>Natura del conferimento e base giuridica del trattamento <\/strong><\/li>\n<\/ol>\n<p>Il conferimento dei dati personali \u00e8 facoltativo, ma necessario ai fini della valutazione della candidatura; il mancato conferimento comporter\u00e0 l\u2019impossibilit\u00e0 per il Titolare di prendere in considerazione la candidatura e di svolgere il relativo processo di selezione.<\/p>\n<p>Il trattamento dei dati personali si basa sull\u2019esecuzione di misure precontrattuali adottate su richiesta dell\u2019interessato ai sensi dell\u2019art. 6, par. 1, lett. b del GDPR, sull\u2019adempimento di obblighi di legge cui \u00e8 soggetto il Titolare ai sensi dell\u2019art. 6, par. 1, lett. c del GDPR, nonch\u00e9, ove applicabile, sul legittimo interesse del Titolare alla gestione e organizzazione delle attivit\u00e0 di selezione del personale ai sensi dell\u2019art. 6, par. 1, lett. f del GDPR.<\/p>\n<p>Con riferimento alle eventuali categorie particolari di dati personali, il trattamento avviene nei limiti di quanto strettamente necessario e nel rispetto dell\u2019art. 9 del GDPR e della normativa nazionale applicabile.<\/p>\n<p>Il Titolare non adotta processi decisionali automatizzati, compresa la profilazione, ai sensi dell\u2019art. 22 del GDPR.<\/p>\n<p>&nbsp;<\/p>\n<ol start=\"6\">\n<li><strong>Modalit\u00e0 di trattamento<\/strong><\/li>\n<\/ol>\n<p>Il trattamento sar\u00e0 svolto in forma automatizzata e\/o manuale, con modalit\u00e0 e strumenti che rispettino le misure di sicurezza di cui all\u2019art. 32 del GDPR 2016\/679, ad opera di soggetti appositamente autorizzati, in ottemperanza quanto previsto dall\u2019art. 29 del Regolamento Europeo.<\/p>\n<p>Saranno impiegate le misure di sicurezza atte a garantire la riservatezza del soggetto interessato cui tali dati si riferiscono e ad evitare l\u2019indebito accesso da parte di soggetti terzi e\/o a personale non autorizzato.<\/p>\n<p>Il titolare adotta le opportune misure di sicurezza volte ad impedire l\u2019accesso, la divulgazione, la modifica o la distruzione non autorizzata dei dati personali.<\/p>\n<ol start=\"7\">\n<li><strong>Conservazione<\/strong><\/li>\n<\/ol>\n<p>Nel rispetto dei principi di liceit\u00e0, limitazione delle finalit\u00e0 e minimizzazione dei dati, i dati personali saranno conservati per il tempo strettamente necessario alla gestione del processo di selezione del personale e alla valutazione della candidatura.<\/p>\n<p>In particolare, i dati saranno conservati per un periodo non superiore a 12 mesi dalla ricezione del Curriculum Vitae o dall\u2019ultimo aggiornamento o contatto con il candidato, anche al fine di valutare eventuali successive opportunit\u00e0 professionali coerenti con il profilo dell\u2019interessato.<\/p>\n<p>In caso di instaurazione di un rapporto di lavoro o di collaborazione con il candidato, i dati saranno trattati e conservati in conformit\u00e0 alla specifica informativa resa ai lavoratori.<\/p>\n<p>Resta salva la possibilit\u00e0 per il Titolare di conservare i dati per un periodo pi\u00f9 lungo nei casi previsti dalla legge o qualora ci\u00f2 sia necessario per l\u2019accertamento, l\u2019esercizio o la difesa di un diritto in sede giudiziaria.<\/p>\n<p>Al termine dei periodi di conservazione sopra indicati, i dati personali saranno cancellati o resi anonimi.<\/p>\n<ol start=\"8\">\n<li><strong>Ambito di comunicazione e diffusione<\/strong><\/li>\n<\/ol>\n<p>I dati personali non saranno diffusi.<\/p>\n<p>I dati potranno essere comunicati, nei limiti strettamente pertinenti alle finalit\u00e0 sopra indicate, ai seguenti soggetti:<\/p>\n<ul>\n<li>soggetti pubblici e Autorit\u00e0 competenti nei casi previsti dalla legge (es. enti previdenziali, fiscali);<\/li>\n<li>consulenti e professionisti (es. consulente del lavoro);<\/li>\n<li>Medico Competente, per gli adempimenti in materia di salute e sicurezza sul lavoro, quale autonomo Titolare del trattamento, ove applicabile;<\/li>\n<li>fornitori di servizi informatici, gestionali e di archiviazione dati.<\/li>\n<\/ul>\n<p>I soggetti destinatari dei dati tratteranno gli stessi, a seconda dei casi, in qualit\u00e0 di Responsabili del trattamento o autonomi Titolari.<\/p>\n<ol start=\"9\">\n<li><strong>Trasferimento dei dati a Paesi extra-UE<\/strong><\/li>\n<\/ol>\n<p>Il Titolare del trattamento non trasferisce sistematicamente i dati personali verso Paesi al di fuori dell\u2019Unione Europea. Tuttavia, qualora si rendesse necessario l\u2019utilizzo di servizi in cloud o di fornitori stabiliti in Paesi extra-UE, il trasferimento avverr\u00e0 nel rispetto delle disposizioni di cui agli artt. 44 e ss. del GDPR, adottando le garanzie appropriate previste dalla normativa applicabile.<\/p>\n<ol start=\"10\">\n<li><strong>Diritti dell\u2019interessato<\/strong><\/li>\n<\/ol>\n<p>In ogni momento, Lei potr\u00e0 esercitare nei confronti del Titolare del trattamento, ai sensi degli artt. 15-22 del <em>GDPR 2016\/679<\/em>, il diritto di:<\/p>\n<ul>\n<li>ottenere la conferma dell\u2019esistenza o meno di dati personali che La riguardano e accedere agli stessi;<\/li>\n<li>ottenere indicazioni circa le finalit\u00e0 del trattamento, le categorie di dati trattati, i destinatari o le categorie di destinatari a cui i dati sono stati o saranno comunicati e, quando possibile, il periodo di conservazione;<\/li>\n<li>ottenere la rettifica dei dati inesatti o l\u2019integrazione dei dati incompleti, nonch\u00e9 la cancellazione dei dati o la limitazione del trattamento nei casi previsti dalla normativa;<\/li>\n<li>ricevere i dati personali in un formato strutturato, di uso comune e leggibile da dispositivo automatico, nonch\u00e9 trasmetterli ad altro Titolare del trattamento (diritto alla portabilit\u00e0);<\/li>\n<li>opporsi al trattamento nei casi previsti dalla normativa;<\/li>\n<li>proporre reclamo all\u2019Autorit\u00e0 di controllo competente (Garante per la protezione dei dati personali).<\/li>\n<\/ul>\n<p>&nbsp;<\/p>\n<ol start=\"11\">\n<li><strong>Informazioni non contenute in questa policy<\/strong><\/li>\n<\/ol>\n<p>Ulteriori informazioni in relazione al trattamento dei Dati Personali potranno essere richieste in qualsiasi momento al Titolare del Trattamento utilizzando gli estremi di contatto.<\/p>\n","protected":false},"excerpt":{"rendered":"<p>Gentile Candidato, desideriamo informarLa che, ai sensi dell\u2019articolo 13 del Regolamento UE 2016\/679 (General Data Protection Regulation \u2013 d\u2019ora in avanti \u201cGDPR 2016\/679\u201d), i dati personali da Lei forniti formeranno oggetto di trattamento da parte della nostra Societ\u00e0. Il trattamento dei dati personali avverr\u00e0 nel rispetto della normativa sopra richiamata e, in particolare, secondo i [&hellip;]<\/p>\n","protected":false},"author":5,"featured_media":0,"parent":0,"menu_order":0,"comment_status":"closed","ping_status":"closed","template":"","meta":{"_acf_changed":false,"footnotes":""},"class_list":["post-66455","page","type-page","status-publish","hentry"],"acf":[],"yoast_head":"<!-- This site is optimized with the Yoast SEO plugin v23.3 - https:\/\/yoast.com\/wordpress\/plugins\/seo\/ -->\n<title>Informativa sul trattamento dei dati personali - Salvioni - candidati<\/title>\n<meta name=\"robots\" content=\"index, follow, max-snippet:-1, max-image-preview:large, max-video-preview:-1\" \/>\n<link rel=\"canonical\" href=\"https:\/\/www.salvioniarredamenti.it\/it\/informativa-privacy\/\" \/>\n<meta property=\"og:locale\" content=\"it_IT\" \/>\n<meta property=\"og:type\" content=\"article\" \/>\n<meta property=\"og:title\" content=\"Informativa sul trattamento dei dati personali - Salvioni - candidati\" \/>\n<meta property=\"og:description\" content=\"Gentile Candidato, desideriamo informarLa che, ai sensi dell\u2019articolo 13 del Regolamento UE 2016\/679 (General Data Protection Regulation \u2013 d\u2019ora in avanti \u201cGDPR 2016\/679\u201d), i dati personali da Lei forniti formeranno oggetto di trattamento da parte della nostra Societ\u00e0. Il trattamento dei dati personali avverr\u00e0 nel rispetto della normativa sopra richiamata e, in particolare, secondo i [&hellip;]\" \/>\n<meta property=\"og:url\" content=\"https:\/\/www.salvioniarredamenti.it\/it\/informativa-privacy\/\" \/>\n<meta property=\"og:site_name\" content=\"Salvioni\" \/>\n<meta property=\"article:modified_time\" content=\"2026-04-27T09:29:38+00:00\" \/>\n<meta name=\"twitter:card\" content=\"summary_large_image\" \/>\n<meta name=\"twitter:label1\" content=\"Tempo di lettura stimato\" \/>\n\t<meta name=\"twitter:data1\" content=\"5 minuti\" \/>\n<script type=\"application\/ld+json\" class=\"yoast-schema-graph\">{\"@context\":\"https:\/\/schema.org\",\"@graph\":[{\"@type\":\"WebPage\",\"@id\":\"https:\/\/www.salvioniarredamenti.it\/it\/informativa-privacy\/\",\"url\":\"https:\/\/www.salvioniarredamenti.it\/it\/informativa-privacy\/\",\"name\":\"Informativa sul trattamento dei dati personali - Salvioni - candidati\",\"isPartOf\":{\"@id\":\"https:\/\/www.salvioniarredamenti.it\/en\/#website\"},\"datePublished\":\"2026-04-27T09:24:49+00:00\",\"dateModified\":\"2026-04-27T09:29:38+00:00\",\"breadcrumb\":{\"@id\":\"https:\/\/www.salvioniarredamenti.it\/it\/informativa-privacy\/#breadcrumb\"},\"inLanguage\":\"it-IT\",\"potentialAction\":[{\"@type\":\"ReadAction\",\"target\":[\"https:\/\/www.salvioniarredamenti.it\/it\/informativa-privacy\/\"]}]},{\"@type\":\"BreadcrumbList\",\"@id\":\"https:\/\/www.salvioniarredamenti.it\/it\/informativa-privacy\/#breadcrumb\",\"itemListElement\":[{\"@type\":\"ListItem\",\"position\":1,\"name\":\"Home\",\"item\":\"https:\/\/www.salvioniarredamenti.it\/it\/\"},{\"@type\":\"ListItem\",\"position\":2,\"name\":\"Informativa sul trattamento dei dati personali\"}]},{\"@type\":\"WebSite\",\"@id\":\"https:\/\/www.salvioniarredamenti.it\/en\/#website\",\"url\":\"https:\/\/www.salvioniarredamenti.it\/en\/\",\"name\":\"Salvioni\",\"description\":\"Salvioni Arredamenti\",\"potentialAction\":[{\"@type\":\"SearchAction\",\"target\":{\"@type\":\"EntryPoint\",\"urlTemplate\":\"https:\/\/www.salvioniarredamenti.it\/en\/?s={search_term_string}\"},\"query-input\":\"required name=search_term_string\"}],\"inLanguage\":\"it-IT\"}]}<\/script>\n<!-- \/ Yoast SEO plugin. -->","yoast_head_json":{"title":"Informativa sul trattamento dei dati personali - Salvioni - candidati","robots":{"index":"index","follow":"follow","max-snippet":"max-snippet:-1","max-image-preview":"max-image-preview:large","max-video-preview":"max-video-preview:-1"},"canonical":"https:\/\/www.salvioniarredamenti.it\/it\/informativa-privacy\/","og_locale":"it_IT","og_type":"article","og_title":"Informativa sul trattamento dei dati personali - Salvioni - candidati","og_description":"Gentile Candidato, desideriamo informarLa che, ai sensi dell\u2019articolo 13 del Regolamento UE 2016\/679 (General Data Protection Regulation \u2013 d\u2019ora in avanti \u201cGDPR 2016\/679\u201d), i dati personali da Lei forniti formeranno oggetto di trattamento da parte della nostra Societ\u00e0. Il trattamento dei dati personali avverr\u00e0 nel rispetto della normativa sopra richiamata e, in particolare, secondo i [&hellip;]","og_url":"https:\/\/www.salvioniarredamenti.it\/it\/informativa-privacy\/","og_site_name":"Salvioni","article_modified_time":"2026-04-27T09:29:38+00:00","twitter_card":"summary_large_image","twitter_misc":{"Tempo di lettura stimato":"5 minuti"},"schema":{"@context":"https:\/\/schema.org","@graph":[{"@type":"WebPage","@id":"https:\/\/www.salvioniarredamenti.it\/it\/informativa-privacy\/","url":"https:\/\/www.salvioniarredamenti.it\/it\/informativa-privacy\/","name":"Informativa sul trattamento dei dati personali - Salvioni - candidati","isPartOf":{"@id":"https:\/\/www.salvioniarredamenti.it\/en\/#website"},"datePublished":"2026-04-27T09:24:49+00:00","dateModified":"2026-04-27T09:29:38+00:00","breadcrumb":{"@id":"https:\/\/www.salvioniarredamenti.it\/it\/informativa-privacy\/#breadcrumb"},"inLanguage":"it-IT","potentialAction":[{"@type":"ReadAction","target":["https:\/\/www.salvioniarredamenti.it\/it\/informativa-privacy\/"]}]},{"@type":"BreadcrumbList","@id":"https:\/\/www.salvioniarredamenti.it\/it\/informativa-privacy\/#breadcrumb","itemListElement":[{"@type":"ListItem","position":1,"name":"Home","item":"https:\/\/www.salvioniarredamenti.it\/it\/"},{"@type":"ListItem","position":2,"name":"Informativa sul trattamento dei dati personali"}]},{"@type":"WebSite","@id":"https:\/\/www.salvioniarredamenti.it\/en\/#website","url":"https:\/\/www.salvioniarredamenti.it\/en\/","name":"Salvioni","description":"Salvioni Arredamenti","potentialAction":[{"@type":"SearchAction","target":{"@type":"EntryPoint","urlTemplate":"https:\/\/www.salvioniarredamenti.it\/en\/?s={search_term_string}"},"query-input":"required name=search_term_string"}],"inLanguage":"it-IT"}]}},"_links":{"self":[{"href":"https:\/\/www.salvioniarredamenti.it\/it\/wp-json\/wp\/v2\/pages\/66455"}],"collection":[{"href":"https:\/\/www.salvioniarredamenti.it\/it\/wp-json\/wp\/v2\/pages"}],"about":[{"href":"https:\/\/www.salvioniarredamenti.it\/it\/wp-json\/wp\/v2\/types\/page"}],"author":[{"embeddable":true,"href":"https:\/\/www.salvioniarredamenti.it\/it\/wp-json\/wp\/v2\/users\/5"}],"replies":[{"embeddable":true,"href":"https:\/\/www.salvioniarredamenti.it\/it\/wp-json\/wp\/v2\/comments?post=66455"}],"version-history":[{"count":2,"href":"https:\/\/www.salvioniarredamenti.it\/it\/wp-json\/wp\/v2\/pages\/66455\/revisions"}],"predecessor-version":[{"id":66457,"href":"https:\/\/www.salvioniarredamenti.it\/it\/wp-json\/wp\/v2\/pages\/66455\/revisions\/66457"}],"wp:attachment":[{"href":"https:\/\/www.salvioniarredamenti.it\/it\/wp-json\/wp\/v2\/media?parent=66455"}],"curies":[{"name":"wp","href":"https:\/\/api.w.org\/{rel}","templated":true}]}}